{"id":2380,"date":"2023-04-27T14:48:03","date_gmt":"2023-04-27T12:48:03","guid":{"rendered":"https:\/\/campingriquewihr.com\/rechtliche-hinweise\/"},"modified":"2026-03-03T11:13:23","modified_gmt":"2026-03-03T10:13:23","slug":"rechtliche-hinweise","status":"publish","type":"page","link":"https:\/\/campingriquewihr.com\/de\/rechtliche-hinweise\/","title":{"rendered":"Rechtliche Hinweise"},"content":{"rendered":"<p>[et_pb_section fb_built=&#8220;1&#8243; _builder_version=&#8220;4.20.4&#8243; _module_preset=&#8220;default&#8220; max_width=&#8220;1920px&#8220; module_alignment=&#8220;center&#8220; global_colors_info=&#8220;{}&#8220;][et_pb_row _builder_version=&#8220;4.20.4&#8243; _module_preset=&#8220;default&#8220; custom_padding=&#8220;||||false|false&#8220; global_colors_info=&#8220;{}&#8220;][et_pb_column type=&#8220;4_4&#8243; _builder_version=&#8220;4.20.4&#8243; _module_preset=&#8220;default&#8220; global_colors_info=&#8220;{}&#8220;][et_pb_text _builder_version=&#8220;4.20.4&#8243; _module_preset=&#8220;default&#8220; text_font_size=&#8220;16px&#8220; header_font=&#8220;|||on|on||||&#8220; header_text_align=&#8220;center&#8220; header_font_size=&#8220;32px&#8220; header_5_font_size=&#8220;18px&#8220; global_colors_info=&#8220;{}&#8220;]<\/p>\n<h1>Rechtliche Hinweise<\/h1>\n<h5><\/h5>\n<h5>CREDITS<\/h5>\n<p>Gestaltung der Website, Grafik und Ergonomie: Agence NEOH<\/p>\n<h5>EDITOR<\/h5>\n<p>Die Website www.campingriquewihr.com wird von der SAS Camping de Riquewihr mit einem Kapital von 10 000 EURO herausgegeben, die im Handels- und Gesellschaftsregister von Colmar unter der Nummer SIRET 801 594 854 00011 eingetragen ist und ihren Sitz in 4 Rue St Morand 68150 RIBEAUVILLE hat. Die SAS Camping de Riquewihr ist umsatzsteuerpflichtig und gem\u00e4\u00df Artikel 286 ter des franz\u00f6sischen Steuergesetzbuchs durch eine individuelle Nummer identifiziert. Ihre individuelle Identifikationsnummer lautet FR53 801 594 854.<\/p>\n<h5>PUBLIKATIONSLEITER<\/h5>\n<p>Verantwortlich f\u00fcr die Ver\u00f6ffentlichung der Website www.campingriquewihr.com ist Frau Marie-Pia Kern. Der redaktionelle Verantwortliche f\u00fcr die Website www.campingriquewihr.com ist die Agentur NEOH.<\/p>\n<h5>HEBERGEUR<\/h5>\n<p>Die Website www.campingriquewihr.com wird von der Firma O2switch mit einem Kapital von 100 000 \u20ac &#8211; RCS Clermont-Ferrand &#8211; SIRET: 510 909 80700024 &#8211; N\u00b0 TVA: FR35510909807 &#8211; Hauptsitz: 222-224 Boulevard Gustave Flaubert &#8211; 63000 Clermont-Ferrand &#8211; Frankreich &#8211; gehostet.<\/p>\n<h5>GEISTIGES EIGENTUM<\/h5>\n<p>Die allgemeine Struktur der Website www.campingriquewihr.com sowie die Texte, Grafiken, Bilder, T\u00f6ne und Videos, aus denen sie besteht, sind Eigentum der SAS Camping de Riquewihr oder ihrer Partner. Jegliche Darstellung und\/oder Vervielf\u00e4ltigung und\/oder teilweise oder vollst\u00e4ndige Nutzung dieser Website, auf welche Weise auch immer, ohne die vorherige schriftliche Genehmigung der SAS Camping de Riquewihr oder ihrer Partner ist strengstens untersagt und kann eine F\u00e4lschung im Sinne der Artikel L 335-2 ff. des franz\u00f6sischen Gesetzes \u00fcber geistiges Eigentum darstellen.<\/p>\n<h5>COMPUTER- UND FREIHEITSGESETZ<\/h5>\n<p>Ihre E-Mail-Adresse kann von SAS Camping de Riquewihr zu dem alleinigen Zweck gespeichert werden, Sie zu informieren. Sie k\u00f6nnen jederzeit Ihre Abmeldung verlangen. Es werden keine pers\u00f6nlichen Informationen ohne Ihr Wissen gesammelt. Es werden keine pers\u00f6nlichen Informationen an Dritte weitergegeben. Wir m\u00f6chten Sie daran erinnern, dass Sie ein Recht auf Zugang, \u00c4nderung, Berichtigung und L\u00f6schung der Sie betreffenden Daten haben (Gesetz Nr. 78-17 vom 6. Januar 1978, ge\u00e4ndert durch das Gesetz Nr. 2004-575 vom 21. Juni 2004). Um diese Rechte auszu\u00fcben, wenden Sie sich an uns.<\/p>\n<h5>VERANTWORTLICHKEITEN<\/h5>\n<p>Diese Website bem\u00fcht sich, zuverl\u00e4ssige und aktuelle Informationen bereitzustellen. Trotz unserer Wachsamkeit k\u00f6nnen sich auf unseren Seiten Fehler eingeschlichen haben. Wir bitten um Entschuldigung: F\u00fcr die Verwendung dieser Informationen und jeglichen direkten oder indirekten Schaden, der daraus entstehen k\u00f6nnte, sind wir nicht verantwortlich. Alle Hypertext-Links, die auf andere Websites oder andere Internetquellen verweisen k\u00f6nnen, bed\u00fcrfen der schriftlichen Genehmigung der SAS Camping de Riquewihr und werden ausschlie\u00dflich von dieser \u00fcberpr\u00fcft.<\/p>\n<p>Die SAS Camping de Riquewihr ist nicht verantwortlich f\u00fcr die Bereitstellung von internen und externen Ressourcen und tr\u00e4gt keine Verantwortung f\u00fcr Inhalte, Werbung, Produkte, Dienstleistungen oder andere Materialien, die auf oder \u00fcber diese Websites oder internen und externen Quellen verf\u00fcgbar sind.<\/p>\n<p>Ebenso und im gesetzlich zul\u00e4ssigen Rahmen kann die SAS Camping de Riquewihr nicht haftbar gemacht werden, falls der Inhalt dieser anderen Webseiten gegen die geltenden gesetzlichen Bestimmungen und Vorschriften verst\u00f6\u00dft. Die SAS Camping de Riquewihr trifft alle Vorsichtsma\u00dfnahmen, damit der Inhalt der Website nicht gegen die \u00f6ffentliche Ordnung und die guten Sitten verst\u00f6\u00dft. Sollten jedoch Ideen oder Bilder bestimmte besonders sensible Personen verletzen, kann die SAS Camping de Riquewihr daf\u00fcr nicht verantwortlich gemacht werden. Ebenso wenig kann die SAS Camping de Riquewihr im Falle einer Kontaminierung des Computermaterials von Internetnutzern infolge der Verbreitung eines Virus oder anderer Computerinfektionen haftbar gemacht werden. Als Nutzer der Website obliegt es Ihnen, alle geeigneten Ma\u00dfnahmen zu ergreifen, um Ihre eigenen Daten und\/oder Software vor einer Kontamination durch m\u00f6gliche Viren, die im Internet zirkulieren, zu sch\u00fctzen.<\/p>\n<p>Wenn Sie Anmerkungen zu m\u00f6glichen Fehlfunktionen der Website haben, setzen Sie sich bitte so schnell wie m\u00f6glich mit uns in Verbindung, damit wir die gew\u00fcnschten \u00c4nderungen vornehmen k\u00f6nnen.<\/p>\n<p>[\/et_pb_text][\/et_pb_column][\/et_pb_row][\/et_pb_section]<\/p>\n","protected":false},"excerpt":{"rendered":"<p>Rechtliche Hinweise CREDITS Gestaltung der Website, Grafik und Ergonomie: Agence NEOH EDITOR Die Website www.campingriquewihr.com wird von der SAS Camping de Riquewihr mit einem Kapital von 10 000 EURO herausgegeben, die im Handels- und Gesellschaftsregister von Colmar unter der Nummer SIRET 801 594 854 00011 eingetragen ist und ihren Sitz in 4 Rue St Morand 68150 RIBEAUVILLE hat. Die SAS Camping de Riquewihr ist umsatzsteuerpflichtig und gem\u00e4\u00df Artikel 286 ter des franz\u00f6sischen Steuergesetzbuchs durch eine individuelle Nummer identifiziert. Ihre individuelle Identifikationsnummer lautet FR53 801 594 854. PUBLIKATIONSLEITER Verantwortlich f\u00fcr die Ver\u00f6ffentlichung der Website www.campingriquewihr.com ist Frau Marie-Pia Kern. Der redaktionelle Verantwortliche f\u00fcr die Website www.campingriquewihr.com ist die Agentur NEOH. HEBERGEUR Die Website www.campingriquewihr.com wird von der Firma O2switch mit einem Kapital von 100 000 \u20ac &#8211; RCS Clermont-Ferrand &#8211; SIRET: 510 909 80700024 &#8211; N\u00b0 TVA: FR35510909807 &#8211; Hauptsitz: 222-224 Boulevard Gustave Flaubert &#8211; 63000 Clermont-Ferrand &#8211; Frankreich &#8211; gehostet. GEISTIGES EIGENTUM Die allgemeine Struktur der Website www.campingriquewihr.com sowie die Texte, Grafiken, Bilder, T\u00f6ne und Videos, aus denen sie besteht, sind Eigentum der SAS Camping de Riquewihr oder ihrer Partner. Jegliche Darstellung und\/oder Vervielf\u00e4ltigung und\/oder teilweise oder vollst\u00e4ndige Nutzung dieser Website, auf welche Weise auch immer, ohne die vorherige schriftliche [&hellip;]<\/p>\n","protected":false},"author":2,"featured_media":0,"parent":0,"menu_order":0,"comment_status":"closed","ping_status":"closed","template":"","meta":{"_seopress_robots_primary_cat":"","_seopress_titles_title":"","_seopress_titles_desc":"","_seopress_robots_index":"yes","_et_pb_use_builder":"on","_et_pb_old_content":"","_et_gb_content_width":"","footnotes":""},"class_list":["post-2380","page","type-page","status-publish","hentry"],"_links":{"self":[{"href":"https:\/\/campingriquewihr.com\/de\/wp-json\/wp\/v2\/pages\/2380","targetHints":{"allow":["GET"]}}],"collection":[{"href":"https:\/\/campingriquewihr.com\/de\/wp-json\/wp\/v2\/pages"}],"about":[{"href":"https:\/\/campingriquewihr.com\/de\/wp-json\/wp\/v2\/types\/page"}],"author":[{"embeddable":true,"href":"https:\/\/campingriquewihr.com\/de\/wp-json\/wp\/v2\/users\/2"}],"replies":[{"embeddable":true,"href":"https:\/\/campingriquewihr.com\/de\/wp-json\/wp\/v2\/comments?post=2380"}],"version-history":[{"count":27,"href":"https:\/\/campingriquewihr.com\/de\/wp-json\/wp\/v2\/pages\/2380\/revisions"}],"predecessor-version":[{"id":8389,"href":"https:\/\/campingriquewihr.com\/de\/wp-json\/wp\/v2\/pages\/2380\/revisions\/8389"}],"wp:attachment":[{"href":"https:\/\/campingriquewihr.com\/de\/wp-json\/wp\/v2\/media?parent=2380"}],"curies":[{"name":"wp","href":"https:\/\/api.w.org\/{rel}","templated":true}]}}