{"id":8737,"date":"2026-03-27T12:35:33","date_gmt":"2026-03-27T11:35:33","guid":{"rendered":"https:\/\/campingriquewihr.com\/test-elegant-theme\/"},"modified":"2026-03-27T12:36:27","modified_gmt":"2026-03-27T11:36:27","slug":"test-elegant-theme","status":"publish","type":"page","link":"https:\/\/campingriquewihr.com\/de\/test-elegant-theme\/","title":{"rendered":"test elegant theme"},"content":{"rendered":"<p>[et_pb_section fb_built=&#8220;1&#8243; theme_builder_area=&#8220;post_content&#8220; _builder_version=&#8220;4.27.6&#8243; _module_preset=&#8220;default&#8220;][et_pb_row _builder_version=&#8220;4.27.6&#8243; _module_preset=&#8220;default&#8220; theme_builder_area=&#8220;post_content&#8220;][et_pb_column _builder_version=&#8220;4.27.6&#8243; _module_preset=&#8220;default&#8220; type=&#8220;4_4&#8243; theme_builder_area=&#8220;post_content&#8220;][et_pb_contact_form use_spam_service=&#8220;on&#8220; recaptcha_list=&#8220;CAMPING RIQUEWIHR V3|CAMPING RIQUEWIHR V3-0&#8243; email=&#8220;laure@neoh.fr&#8220; title=&#8220;@ET-DC@eyJkeW5hbWljIjp0cnVlLCJjb250ZW50IjoicG9zdF9tZXRhX2tleSIsInNldHRpbmdzIjp7ImJlZm9yZSI6IiA8YSBocmVmPVwiaHR0cHM6XC9cL3d3dy5mYWNlYm9vay5jb21cL2NhbXBpbmdyaXF1ZXdpaHJcIiB0YXJnZXQ9XCJfYmxhbmtcIj48aW1nIHNyYz1cIlwvd3AtY29udGVudFwvdXBsb2Fkc1wvMjAyM1wvMDRcL2ljb25zOC1mYWNlYm9vay1jb3BpZS5zdmdcIiB3aWR0aD1cIjQwcHhcIj48XC9hPiAmbmJzcDs8YSBocmVmPVwiaHR0cHM6XC9cL3d3dy5pbnN0YWdyYW0uY29tXC9jYW1waW5ncmlxdWV3aWhyXC9cIiB0YXJnZXQ9XCJfYmxhbmtcIj4gPGltZyBzcmM9XCJcL3dwLWNvbnRlbnRcL3VwbG9hZHNcLzIwMjNcLzA0XC9pY29uczgtaW5zdGFncmFtLWNvcGllLnN2Z1wiIHdpZHRoPVwiNDBweFwiPiA8XC9hPiZuYnNwOyZuYnNwOzxpbWcgc3JjPVwiXC93cC1jb250ZW50XC91cGxvYWRzXC8yMDIzXC8wNFwvaWNvbnM4LXRlbGVwaG9uZS5zdmdcIiB3aWR0aD1cIjQwcHhcIj4gIiwiYWZ0ZXIiOiIgPGEgaHJlZj1cInRlbDorMzMzODk0NzkwMDhcIj48c3BhbiBpZD1cInRlbFwiPiszMyAoMCkzODkgNDc5IDAwODxcL3NwYW4+PFwvYT4iLCJtZXRhX2tleSI6IiIsImVuYWJsZV9odG1sIjoib2ZmIn19@&#8220; custom_message=&#8220;Sie haben eine Nachricht von Ihrer Seite Camping de Riquewihr :&lt;br&gt;Name der Person : %%Nom%%&lt;br&gt;Vorname der Person : %%Prenom%%&lt;br&gt;Telefon der Person : %%Telephone%%&lt;br&gt;E-Mail der Person : %%Email%%&lt;br&gt;Nachricht : %%Message%%&#8220; success_message=&#8220;Vielen Dank f\u00fcr Ihre Nachricht, wir werden Ihnen so schnell wie m\u00f6glich antworten.&#8220; submit_button_text=&#8220;Senden&#8220; _builder_version=&#8220;4.27.6&#8243; _dynamic_attributes=&#8220;title&#8220; _module_preset=&#8220;default&#8220; _unique_id=&#8220;8043bbd1-c204-4870-b69e-bf8b19006b1f&#8220; form_field_background_color=&#8220;#DFECBA&#8220; form_field_text_color=&#8220;#000000&#8243; form_field_focus_text_color=&#8220;#000000&#8243; title_font=&#8220;||||||||&#8220; title_text_align=&#8220;center&#8220; title_text_color=&#8220;#726A5B&#8220; title_font_size=&#8220;30px&#8220; title_line_height=&#8220;2em&#8220; form_field_font_size=&#8220;18px&#8220; custom_button=&#8220;on&#8220; button_text_color=&#8220;#FFFFFF&#8220; button_bg_color=&#8220;#92BE13&#8243; button_font=&#8220;Interface xbold italic||||||||&#8220; button_icon=&#8220;&#x35;||divi||400&#8243; button_icon_color=&#8220;#FFFFFF&#8220; button_custom_margin=&#8220;||||false|false&#8220; button_custom_padding=&#8220;0px||0px||true|false&#8220; custom_padding=&#8220;|||50px|false|false&#8220; custom_padding_tablet=&#8220;|20px||20px|false|true&#8220; custom_padding_phone=&#8220;|20px||20px|false|true&#8220; custom_padding_last_edited=&#8220;on|desktop&#8220; title_font_size_tablet=&#8220;30px&#8220; title_font_size_phone=&#8220;18px&#8220; title_font_size_last_edited=&#8220;on|phone&#8220; border_radii=&#8220;on|30px|30px|30px|30px&#8220; locked=&#8220;off&#8220; global_colors_info=&#8220;{}&#8220; theme_builder_area=&#8220;post_content&#8220;][et_pb_contact_field field_id=&#8220;Nom&#8220; field_title=&#8220;Name *&#8220; allowed_symbols=&#8220;letters&#8220; _builder_version=&#8220;4.21.0&#8243; global_colors_info=&#8220;{}&#8220; button_text_size__hover_enabled=&#8220;off&#8220; button_one_text_size__hover_enabled=&#8220;off&#8220; button_two_text_size__hover_enabled=&#8220;off&#8220; button_text_color__hover_enabled=&#8220;off&#8220; button_one_text_color__hover_enabled=&#8220;off&#8220; button_two_text_color__hover_enabled=&#8220;off&#8220; button_border_width__hover_enabled=&#8220;off&#8220; button_one_border_width__hover_enabled=&#8220;off&#8220; button_two_border_width__hover_enabled=&#8220;off&#8220; button_border_color__hover_enabled=&#8220;off&#8220; button_one_border_color__hover_enabled=&#8220;off&#8220; button_two_border_color__hover_enabled=&#8220;off&#8220; button_border_radius__hover_enabled=&#8220;off&#8220; button_one_border_radius__hover_enabled=&#8220;off&#8220; button_two_border_radius__hover_enabled=&#8220;off&#8220; button_letter_spacing__hover_enabled=&#8220;off&#8220; button_one_letter_spacing__hover_enabled=&#8220;off&#8220; button_two_letter_spacing__hover_enabled=&#8220;off&#8220; button_bg_color__hover_enabled=&#8220;off&#8220; button_one_bg_color__hover_enabled=&#8220;off&#8220; button_two_bg_color__hover_enabled=&#8220;off&#8220; theme_builder_area=&#8220;post_content&#8220;][\/et_pb_contact_field][et_pb_contact_field field_id=&#8220;Prenom&#8220; field_title=&#8220;Vorname *&#8220; _builder_version=&#8220;4.20.4&#8243; _module_preset=&#8220;default&#8220; global_colors_info=&#8220;{}&#8220; theme_builder_area=&#8220;post_content&#8220;][\/et_pb_contact_field][et_pb_contact_field field_id=&#8220;Telephone&#8220; field_title=&#8220;Telefon *&#8220; allowed_symbols=&#8220;numbers&#8220; _builder_version=&#8220;4.20.4&#8243; _module_preset=&#8220;default&#8220; global_colors_info=&#8220;{}&#8220; theme_builder_area=&#8220;post_content&#8220;][\/et_pb_contact_field][et_pb_contact_field field_id=&#8220;Email&#8220; field_title=&#8220;E-Mail *&#8220; field_type=&#8220;email&#8220; _builder_version=&#8220;4.20.4&#8243; global_colors_info=&#8220;{}&#8220; button_text_size__hover_enabled=&#8220;off&#8220; button_one_text_size__hover_enabled=&#8220;off&#8220; button_two_text_size__hover_enabled=&#8220;off&#8220; button_text_color__hover_enabled=&#8220;off&#8220; button_one_text_color__hover_enabled=&#8220;off&#8220; button_two_text_color__hover_enabled=&#8220;off&#8220; button_border_width__hover_enabled=&#8220;off&#8220; button_one_border_width__hover_enabled=&#8220;off&#8220; button_two_border_width__hover_enabled=&#8220;off&#8220; button_border_color__hover_enabled=&#8220;off&#8220; button_one_border_color__hover_enabled=&#8220;off&#8220; button_two_border_color__hover_enabled=&#8220;off&#8220; button_border_radius__hover_enabled=&#8220;off&#8220; button_one_border_radius__hover_enabled=&#8220;off&#8220; button_two_border_radius__hover_enabled=&#8220;off&#8220; button_letter_spacing__hover_enabled=&#8220;off&#8220; button_one_letter_spacing__hover_enabled=&#8220;off&#8220; button_two_letter_spacing__hover_enabled=&#8220;off&#8220; button_bg_color__hover_enabled=&#8220;off&#8220; button_one_bg_color__hover_enabled=&#8220;off&#8220; button_two_bg_color__hover_enabled=&#8220;off&#8220; theme_builder_area=&#8220;post_content&#8220;][\/et_pb_contact_field][et_pb_contact_field field_id=&#8220;Message&#8220; field_title=&#8220;Ihre Nachricht&#8220; field_type=&#8220;text&#8220; required_mark=&#8220;off&#8220; fullwidth_field=&#8220;on&#8220; _builder_version=&#8220;4.20.4&#8243; global_colors_info=&#8220;{}&#8220; button_text_size__hover_enabled=&#8220;off&#8220; button_one_text_size__hover_enabled=&#8220;off&#8220; button_two_text_size__hover_enabled=&#8220;off&#8220; button_text_color__hover_enabled=&#8220;off&#8220; button_one_text_color__hover_enabled=&#8220;off&#8220; button_two_text_color__hover_enabled=&#8220;off&#8220; button_border_width__hover_enabled=&#8220;off&#8220; button_one_border_width__hover_enabled=&#8220;off&#8220; button_two_border_width__hover_enabled=&#8220;off&#8220; button_border_color__hover_enabled=&#8220;off&#8220; button_one_border_color__hover_enabled=&#8220;off&#8220; button_two_border_color__hover_enabled=&#8220;off&#8220; button_border_radius__hover_enabled=&#8220;off&#8220; button_one_border_radius__hover_enabled=&#8220;off&#8220; button_two_border_radius__hover_enabled=&#8220;off&#8220; button_letter_spacing__hover_enabled=&#8220;off&#8220; button_one_letter_spacing__hover_enabled=&#8220;off&#8220; button_two_letter_spacing__hover_enabled=&#8220;off&#8220; button_bg_color__hover_enabled=&#8220;off&#8220; button_one_bg_color__hover_enabled=&#8220;off&#8220; button_two_bg_color__hover_enabled=&#8220;off&#8220; theme_builder_area=&#8220;post_content&#8220;][\/et_pb_contact_field][et_pb_contact_field field_id=&#8220;RGPD&#8220; field_title=&#8220;* Pflichtfelder&#8220; field_type=&#8220;checkbox&#8220; checkbox_options=&#8220;%91{%22value%22:%22Wenn ich dieses Kontaktformular ausf\u00fclle, verstehe ich, dass meine pers\u00f6nlichen Daten nach dem Anklicken der Schaltfl\u00e4che &#039;Senden&#039; nur an den Verantwortlichen der Website weitergeleitet werden, um diesem zu erm\u00f6glichen, mir zu antworten. Lesen Sie die Datenschutzbestimmungen der Website.%22,%22checked%22:0,%22dragID%22:-1}%93&#8243; fullwidth_field=&#8220;on&#8220; _builder_version=&#8220;4.21.0&#8243; _module_preset=&#8220;default&#8220; form_field_background_color=&#8220;#FFFFFF&#8220; form_field_text_color=&#8220;#000000&#8243; form_field_focus_background_color=&#8220;RGBA(255,255,255,0)&#8220; form_field_focus_text_color=&#8220;#000000&#8243; form_field_font=&#8220;Interface light|700|||||||&#8220; form_field_font_size=&#8220;10px&#8220; form_field_line_height=&#8220;1.4em&#8220; max_width=&#8220;70%&#8220; max_width_tablet=&#8220;85%&#8220; max_width_phone=&#8220;100%&#8220; max_width_last_edited=&#8220;on|tablet&#8220; form_field_text_color_tablet=&#8220;#000000&#8243; form_field_text_color_phone=&#8220;#000000&#8243; form_field_text_color_last_edited=&#8220;on|tablet&#8220; border_radii=&#8220;on|0px|0px|0px|0px&#8220; border_width_all=&#8220;1px&#8220; global_colors_info=&#8220;{}&#8220; theme_builder_area=&#8220;post_content&#8220;][\/et_pb_contact_field][\/et_pb_contact_form][\/et_pb_column][\/et_pb_row][\/et_pb_section]<\/p>\n","protected":false},"excerpt":{"rendered":"","protected":false},"author":2,"featured_media":0,"parent":0,"menu_order":0,"comment_status":"closed","ping_status":"closed","template":"","meta":{"_seopress_robots_primary_cat":"","_seopress_titles_title":"","_seopress_titles_desc":"","_seopress_robots_index":"","_et_pb_use_builder":"on","_et_pb_old_content":"","_et_gb_content_width":"","footnotes":""},"class_list":["post-8737","page","type-page","status-publish","hentry"],"_links":{"self":[{"href":"https:\/\/campingriquewihr.com\/de\/wp-json\/wp\/v2\/pages\/8737","targetHints":{"allow":["GET"]}}],"collection":[{"href":"https:\/\/campingriquewihr.com\/de\/wp-json\/wp\/v2\/pages"}],"about":[{"href":"https:\/\/campingriquewihr.com\/de\/wp-json\/wp\/v2\/types\/page"}],"author":[{"embeddable":true,"href":"https:\/\/campingriquewihr.com\/de\/wp-json\/wp\/v2\/users\/2"}],"replies":[{"embeddable":true,"href":"https:\/\/campingriquewihr.com\/de\/wp-json\/wp\/v2\/comments?post=8737"}],"version-history":[{"count":6,"href":"https:\/\/campingriquewihr.com\/de\/wp-json\/wp\/v2\/pages\/8737\/revisions"}],"predecessor-version":[{"id":8761,"href":"https:\/\/campingriquewihr.com\/de\/wp-json\/wp\/v2\/pages\/8737\/revisions\/8761"}],"wp:attachment":[{"href":"https:\/\/campingriquewihr.com\/de\/wp-json\/wp\/v2\/media?parent=8737"}],"curies":[{"name":"wp","href":"https:\/\/api.w.org\/{rel}","templated":true}]}}