{"id":2431,"date":"2023-04-27T17:01:28","date_gmt":"2023-04-27T15:01:28","guid":{"rendered":"https:\/\/campingriquewihr.com\/our-news\/"},"modified":"2024-05-13T11:09:25","modified_gmt":"2024-05-13T09:09:25","slug":"our-news","status":"publish","type":"page","link":"https:\/\/campingriquewihr.com\/en\/our-news\/","title":{"rendered":"Our news"},"content":{"rendered":"<p>[et_pb_section fb_built=&#8221;1&#8243; _builder_version=&#8221;4.20.4&#8243; _module_preset=&#8221;default&#8221; max_width=&#8221;1920px&#8221; module_alignment=&#8221;center&#8221; global_colors_info=&#8221;{}&#8221;][et_pb_row _builder_version=&#8221;4.20.4&#8243; _module_preset=&#8221;default&#8221; global_colors_info=&#8221;{}&#8221;][et_pb_column type=&#8221;4_4&#8243; _builder_version=&#8221;4.20.4&#8243; _module_preset=&#8221;default&#8221; global_colors_info=&#8221;{}&#8221;][et_pb_text _builder_version=&#8221;4.20.4&#8243; _module_preset=&#8221;default&#8221; header_font=&#8221;|||on|on||||&#8221; header_text_align=&#8221;center&#8221; global_colors_info=&#8221;{}&#8221;]<\/p>\n<h1>News from the campsite<\/h1>\n<p>[\/et_pb_text][\/et_pb_column][\/et_pb_row][et_pb_row _builder_version=&#8221;4.20.4&#8243; _module_preset=&#8221;default&#8221; global_colors_info=&#8221;{}&#8221;][et_pb_column type=&#8221;4_4&#8243; _builder_version=&#8221;4.20.4&#8243; _module_preset=&#8221;default&#8221; global_colors_info=&#8221;{}&#8221;][et_pb_blog fullwidth=&#8221;off&#8221; include_categories=&#8221;13&#8243; meta_date=&#8221;j M Y&#8221; show_more=&#8221;on&#8221; show_author=&#8221;off&#8221; show_date=&#8221;off&#8221; show_pagination=&#8221;off&#8221; module_class=&#8221;et-custom-read-more-text&#8221; _builder_version=&#8221;4.20.4&#8243; _module_preset=&#8221;default&#8221; header_font=&#8221;Interface xbold italic|||on|||||&#8221; header_text_align=&#8221;center&#8221; header_font_size=&#8221;18px&#8221; body_font_size=&#8221;16px&#8221; read_more_font=&#8221;Interface xxbold|||on|||||&#8221; read_more_text_color=&#8221;#726A5B&#8221; custom_css_read_more=&#8221;display:block;||text-align:right;&#8221; global_colors_info=&#8221;{}&#8221;][\/et_pb_blog][et_pb_code _builder_version=&#8221;4.21.0&#8243; _module_preset=&#8221;default&#8221; global_colors_info=&#8221;{}&#8221;]<script><!-- [et_pb_line_break_holder] -->  (function ($) {<!-- [et_pb_line_break_holder] -->  $(document).on(\"ready ajaxComplete\", function () {<!-- [et_pb_line_break_holder] -->    $(\".et-custom-read-more-text .et_pb_post a.more-link\").html(\"Lire l'article\");<!-- [et_pb_line_break_holder] -->  });<!-- [et_pb_line_break_holder] -->})(jQuery);<!-- [et_pb_line_break_holder] -->  <\/script>[\/et_pb_code][\/et_pb_column][\/et_pb_row][et_pb_row _builder_version=&#8221;4.20.4&#8243; _module_preset=&#8221;default&#8221; custom_padding=&#8221;0px||0px||true|false&#8221; global_colors_info=&#8221;{}&#8221;][et_pb_column type=&#8221;4_4&#8243; _builder_version=&#8221;4.20.4&#8243; _module_preset=&#8221;default&#8221; global_colors_info=&#8221;{}&#8221;][et_pb_button button_url=&#8221;\/&#8221; button_text=&#8221;Back to home page&#8221; button_alignment=&#8221;center&#8221; _builder_version=&#8221;4.20.4&#8243; _module_preset=&#8221;default&#8221; custom_button=&#8221;on&#8221; button_text_color=&#8221;#FFFFFF&#8221; button_bg_color=&#8221;#92BE13&#8243; button_font=&#8221;Interface xbold italic||||||||&#8221; button_icon=&#8221;&#x35;||divi||400&#8243; button_icon_color=&#8221;#FFFFFF&#8221; global_colors_info=&#8221;{}&#8221;][\/et_pb_button][\/et_pb_column][\/et_pb_row][\/et_pb_section]<\/p>\n","protected":false},"excerpt":{"rendered":"<p>News from the campsite<\/p>\n","protected":false},"author":2,"featured_media":0,"parent":0,"menu_order":0,"comment_status":"closed","ping_status":"closed","template":"","meta":{"_seopress_robots_primary_cat":"","_seopress_titles_title":"","_seopress_titles_desc":"","_seopress_robots_index":"","_et_pb_use_builder":"on","_et_pb_old_content":"<p>[et_pb_section fb_built=\"1\" _builder_version=\"4.20.4\" _module_preset=\"default\" hover_enabled=\"0\" global_colors_info=\"{}\" max_width=\"1920px\" module_alignment=\"center\" sticky_enabled=\"0\"][et_pb_row _builder_version=\"4.20.4\" _module_preset=\"default\" global_colors_info=\"{}\"][et_pb_column type=\"4_4\" _builder_version=\"4.20.4\" _module_preset=\"default\" global_colors_info=\"{}\"][et_pb_text _builder_version=\"4.20.4\" _module_preset=\"default\" header_font=\"|||on|on||||\" header_text_align=\"center\" global_colors_info=\"{}\"]<\/p><h1>\u00c0 voir \u00e0 faire \u00e0 Riquewihr<\/h1><p>[\/et_pb_text][\/et_pb_column][\/et_pb_row][et_pb_row _builder_version=\"4.20.4\" _module_preset=\"default\" global_colors_info=\"{}\"][et_pb_column type=\"4_4\" _builder_version=\"4.20.4\" _module_preset=\"default\" global_colors_info=\"{}\"][et_pb_blog fullwidth=\"off\" include_categories=\"12\" meta_date=\"j M Y\" show_more=\"on\" show_author=\"off\" show_date=\"off\" show_pagination=\"off\" _builder_version=\"4.20.4\" _module_preset=\"default\" header_font=\"Interface xbold italic|||on|||||\" header_text_align=\"center\" header_font_size=\"18px\" body_font_size=\"16px\" read_more_font=\"Interface xxbold|||on|||||\" read_more_text_color=\"#726A5B\" hover_enabled=\"0\" global_colors_info=\"{}\" custom_css_read_more=\"display:block;||text-align:right;\" sticky_enabled=\"0\" module_class=\"et-custom-read-more-text\"][\/et_pb_blog][et_pb_code _builder_version=\"4.20.4\" _module_preset=\"default\" hover_enabled=\"0\" sticky_enabled=\"0\"]<script><!-- [et_pb_line_break_holder] -->  (function ($) {<!-- [et_pb_line_break_holder] -->  $(document).on(\"ready ajaxComplete\", function () {<!-- [et_pb_line_break_holder] -->    $(\".et-custom-read-more-text .et_pb_post a.more-link\").html(\"Lire l'article\");<!-- [et_pb_line_break_holder] -->  });<!-- [et_pb_line_break_holder] -->})(jQuery);<!-- [et_pb_line_break_holder] -->  <\/script>[\/et_pb_code][\/et_pb_column][\/et_pb_row][et_pb_row _builder_version=\"4.20.4\" _module_preset=\"default\" custom_padding=\"0px||0px||true|false\" hover_enabled=\"0\" sticky_enabled=\"0\"][et_pb_column _builder_version=\"4.20.4\" _module_preset=\"default\" type=\"4_4\"][et_pb_button button_text=\"Retour \u00e0 l'accueil\" _builder_version=\"4.20.4\" _module_preset=\"default\" hover_enabled=\"0\" sticky_enabled=\"0\" button_url=\"\/\" button_alignment=\"center\" custom_button=\"on\" button_text_color=\"#FFFFFF\" button_bg_color=\"#92BE13\" button_bg_enable_color=\"on\" button_font=\"Interface xbold italic||||||||\" button_icon=\"5||divi||400\" button_icon_color=\"#FFFFFF\"][\/et_pb_button][\/et_pb_column][\/et_pb_row][\/et_pb_section]<\/p>","_et_gb_content_width":"","footnotes":""},"class_list":["post-2431","page","type-page","status-publish","hentry"],"_links":{"self":[{"href":"https:\/\/campingriquewihr.com\/en\/wp-json\/wp\/v2\/pages\/2431","targetHints":{"allow":["GET"]}}],"collection":[{"href":"https:\/\/campingriquewihr.com\/en\/wp-json\/wp\/v2\/pages"}],"about":[{"href":"https:\/\/campingriquewihr.com\/en\/wp-json\/wp\/v2\/types\/page"}],"author":[{"embeddable":true,"href":"https:\/\/campingriquewihr.com\/en\/wp-json\/wp\/v2\/users\/2"}],"replies":[{"embeddable":true,"href":"https:\/\/campingriquewihr.com\/en\/wp-json\/wp\/v2\/comments?post=2431"}],"version-history":[{"count":0,"href":"https:\/\/campingriquewihr.com\/en\/wp-json\/wp\/v2\/pages\/2431\/revisions"}],"wp:attachment":[{"href":"https:\/\/campingriquewihr.com\/en\/wp-json\/wp\/v2\/media?parent=2431"}],"curies":[{"name":"wp","href":"https:\/\/api.w.org\/{rel}","templated":true}]}}