{"id":2404,"date":"2023-04-27T14:48:03","date_gmt":"2023-04-27T12:48:03","guid":{"rendered":"https:\/\/campingriquewihr.com\/informacion-legal\/"},"modified":"2026-03-03T11:13:25","modified_gmt":"2026-03-03T10:13:25","slug":"informacion-legal","status":"publish","type":"page","link":"https:\/\/campingriquewihr.com\/es\/informacion-legal\/","title":{"rendered":"Informaci\u00f3n legal"},"content":{"rendered":"<p>[et_pb_section fb_built=\u00bb1&#8243; _builder_version=\u00bb4.20.4&#8243; _module_preset=\u00bbdefault\u00bb max_width=\u00bb1920px\u00bb module_alignment=\u00bbcenter\u00bb global_colors_info=\u00bb{}\u00bb][et_pb_row _builder_version=\u00bb4.20.4&#8243; _module_preset=\u00bbdefault\u00bb custom_padding=\u00bb||||false|false\u00bb global_colors_info=\u00bb{}\u00bb][et_pb_column type=\u00bb4_4&#8243; _builder_version=\u00bb4.20.4&#8243; _module_preset=\u00bbdefault\u00bb global_colors_info=\u00bb{}\u00bb][et_pb_text _builder_version=\u00bb4.20.4&#8243; _module_preset=\u00bbdefault\u00bb text_font_size=\u00bb16px\u00bb header_font=\u00bb|||on|on||||\u00bb header_text_align=\u00bbcenter\u00bb header_font_size=\u00bb32px\u00bb header_5_font_size=\u00bb18px\u00bb global_colors_info=\u00bb{}\u00bb]<\/p>\n<h1>Informaci\u00f3n legal<\/h1>\n<h5><\/h5>\n<h5>CR\u00c9DITOS<\/h5>\n<p>Creaci\u00f3n del sitio web, gr\u00e1ficos y ergonom\u00eda: Agence NEOH<\/p>\n<h5>EDITOR<\/h5>\n<p>El sitio www.campingriquewihr.com es editado por la SAS Camping de Riquewihr con un capital de 10.000 EUROS, inscrita en el Registro Mercantil y de Sociedades de Colmar con el n\u00famero SIRET 801 594 854 00011, cuyo domicilio social se encuentra en 4 Rue St Morand 68150 RIBEAUVILLE. La SAS Camping de Riquewihr est\u00e1 sujeta al IVA y se identifica mediante un n\u00famero individual en aplicaci\u00f3n del art\u00edculo 286 ter del C\u00f3digo General de Impuestos. Su n\u00famero de identificaci\u00f3n individual es FR53 801 594 854.<\/p>\n<h5>DIRECTOR DE LA PUBLICACI\u00d3N<\/h5>\n<p>La directora de la publicaci\u00f3n del sitio web www.campingriquewihr.com es la Sra. Marie-Pia Kern. El responsable editorial de la web www.campingriquewihr.com es la agencia NEOH.<\/p>\n<h5>EMBEDDERS<\/h5>\n<p>El sitio web www.campingriquewihr.com est\u00e1 alojado por la empresa O2switch, con un capital de 100.000 euros &#8211; RCS Clermont-Ferrand &#8211; SIRET: 510 909 80700024 &#8211; CIF: FR35510909807 &#8211; Sede social: 222-224 Boulevard Gustave Flaubert &#8211; 63000 Clermont-Ferrand &#8211; Francia.<\/p>\n<h5>PROPIEDAD INTELECTUAL<\/h5>\n<p>La estructura general del sitio www.campingriquewihr.com as\u00ed como los textos, grafismos, im\u00e1genes, sonidos y v\u00eddeos que lo componen son propiedad de SAS Camping de Riquewihr o de sus socios. Cualquier representaci\u00f3n y\/o reproducci\u00f3n y\/o explotaci\u00f3n de este sitio, total o parcial, por cualquier medio, sin la autorizaci\u00f3n previa por escrito de SAS Camping de Riquewihr o de sus socios est\u00e1 estrictamente prohibida y puede constituir una infracci\u00f3n de los derechos de autor en virtud de los art\u00edculos L 335-2 y siguientes del C\u00f3digo de la Propiedad Intelectual franc\u00e9s.<\/p>\n<h5>LEY DE PROTECCI\u00d3N DE DATOS<\/h5>\n<p>Su direcci\u00f3n de correo electr\u00f3nico podr\u00e1 ser conservada por SAS Camping de Riquewihr con el \u00fanico fin de mantenerle informado. Puede solicitar su baja de la lista en cualquier momento. No se recoge ninguna informaci\u00f3n personal sin su conocimiento. No se transmite ninguna informaci\u00f3n personal a terceros. Le recordamos que dispone de un derecho de acceso, modificaci\u00f3n, rectificaci\u00f3n y supresi\u00f3n de los datos que le conciernen (ley n\u00b078-17 de 6 de enero de 1978 modificada por la ley n\u00b02004-575 de 21 de junio de 2004). Para ejercer estos derechos, p\u00f3ngase en contacto con nosotros.<\/p>\n<h5>RESPONSABILIDADES<\/h5>\n<p>Este sitio se esfuerza por ofrecer informaci\u00f3n fiable y actualizada. A pesar de nuestra vigilancia, es posible que se hayan deslizado errores en nuestras p\u00e1ginas. Nos disculpamos por el hecho de que no somos responsables del uso de esta informaci\u00f3n ni de los da\u00f1os directos o indirectos que puedan derivarse de ella. Todo enlace hipertexto hacia otros sitios web u otras fuentes de Internet est\u00e1 sujeto a la autorizaci\u00f3n escrita de la SAS Camping de Riquewihr y a su exclusiva verificaci\u00f3n.<\/p>\n<p>SAS Camping de Riquewihr no se hace responsable de la disponibilidad de los recursos internos y externos, y no puede aceptar ninguna responsabilidad por el contenido, publicidad, productos, servicios o cualquier otro material disponible en o desde estos sitios web o fuentes internas y externas.<\/p>\n<p>Del mismo modo, y en la medida en que la ley lo permita, la SAS Camping de Riquewihr no podr\u00e1 ser considerada responsable si el contenido de dichos otros sitios web contraviene las disposiciones legales y reglamentarias vigentes. SAS Camping de Riquewihr toma todas las precauciones para que el contenido del sitio web no sea contrario al orden p\u00fablico y a las buenas costumbres. No obstante, si las ideas o im\u00e1genes ofenden a determinadas personas especialmente sensibles, SAS Camping de Riquewihr no podr\u00e1 ser considerado responsable. Del mismo modo, la SAS Camping de Riquewihr no podr\u00e1 ser considerada responsable en caso de contaminaci\u00f3n de los equipos inform\u00e1ticos de los internautas resultante de la propagaci\u00f3n de un virus u otras infecciones inform\u00e1ticas. Como usuario del sitio web, es su responsabilidad tomar todas las medidas apropiadas para proteger sus propios datos y\/o software de la contaminaci\u00f3n por cualquier virus que circule por Internet.<\/p>\n<p>Si tiene alg\u00fan comentario sobre un posible mal funcionamiento del sitio, p\u00f3ngase en contacto con nosotros lo antes posible para que podamos hacer los cambios necesarios.<\/p>\n<p>[\/et_pb_text][\/et_pb_column][\/et_pb_row][\/et_pb_section]<\/p>\n","protected":false},"excerpt":{"rendered":"<p>Informaci\u00f3n legal CR\u00c9DITOS Creaci\u00f3n del sitio web, gr\u00e1ficos y ergonom\u00eda: Agence NEOH EDITOR El sitio www.campingriquewihr.com es editado por la SAS Camping de Riquewihr con un capital de 10.000 EUROS, inscrita en el Registro Mercantil y de Sociedades de Colmar con el n\u00famero SIRET 801 594 854 00011, cuyo domicilio social se encuentra en 4 Rue St Morand 68150 RIBEAUVILLE. La SAS Camping de Riquewihr est\u00e1 sujeta al IVA y se identifica mediante un n\u00famero individual en aplicaci\u00f3n del art\u00edculo 286 ter del C\u00f3digo General de Impuestos. Su n\u00famero de identificaci\u00f3n individual es FR53 801 594 854. DIRECTOR DE LA PUBLICACI\u00d3N La directora de la publicaci\u00f3n del sitio web www.campingriquewihr.com es la Sra. Marie-Pia Kern. El responsable editorial de la web www.campingriquewihr.com es la agencia NEOH. EMBEDDERS El sitio web www.campingriquewihr.com est\u00e1 alojado por la empresa O2switch, con un capital de 100.000 euros &#8211; RCS Clermont-Ferrand &#8211; SIRET: 510 909 80700024 &#8211; CIF: FR35510909807 &#8211; Sede social: 222-224 Boulevard Gustave Flaubert &#8211; 63000 Clermont-Ferrand &#8211; Francia. PROPIEDAD INTELECTUAL La estructura general del sitio www.campingriquewihr.com as\u00ed como los textos, grafismos, im\u00e1genes, sonidos y v\u00eddeos que lo componen son propiedad de SAS Camping de Riquewihr o de sus socios. Cualquier representaci\u00f3n y\/o [&hellip;]<\/p>\n","protected":false},"author":2,"featured_media":0,"parent":0,"menu_order":0,"comment_status":"closed","ping_status":"closed","template":"","meta":{"_seopress_robots_primary_cat":"","_seopress_titles_title":"","_seopress_titles_desc":"","_seopress_robots_index":"yes","_et_pb_use_builder":"on","_et_pb_old_content":"","_et_gb_content_width":"","footnotes":""},"class_list":["post-2404","page","type-page","status-publish","hentry"],"_links":{"self":[{"href":"https:\/\/campingriquewihr.com\/es\/wp-json\/wp\/v2\/pages\/2404","targetHints":{"allow":["GET"]}}],"collection":[{"href":"https:\/\/campingriquewihr.com\/es\/wp-json\/wp\/v2\/pages"}],"about":[{"href":"https:\/\/campingriquewihr.com\/es\/wp-json\/wp\/v2\/types\/page"}],"author":[{"embeddable":true,"href":"https:\/\/campingriquewihr.com\/es\/wp-json\/wp\/v2\/users\/2"}],"replies":[{"embeddable":true,"href":"https:\/\/campingriquewihr.com\/es\/wp-json\/wp\/v2\/comments?post=2404"}],"version-history":[{"count":31,"href":"https:\/\/campingriquewihr.com\/es\/wp-json\/wp\/v2\/pages\/2404\/revisions"}],"predecessor-version":[{"id":8391,"href":"https:\/\/campingriquewihr.com\/es\/wp-json\/wp\/v2\/pages\/2404\/revisions\/8391"}],"wp:attachment":[{"href":"https:\/\/campingriquewihr.com\/es\/wp-json\/wp\/v2\/media?parent=2404"}],"curies":[{"name":"wp","href":"https:\/\/api.w.org\/{rel}","templated":true}]}}