{"id":2488,"date":"2023-04-27T15:18:07","date_gmt":"2023-04-27T13:18:07","guid":{"rendered":"https:\/\/campingriquewihr.com\/politica-de-privacidad\/"},"modified":"2026-02-23T18:11:43","modified_gmt":"2026-02-23T17:11:43","slug":"politica-de-privacidad","status":"publish","type":"page","link":"https:\/\/campingriquewihr.com\/es\/politica-de-privacidad\/","title":{"rendered":"Pol\u00edtica de privacidad"},"content":{"rendered":"<p>[et_pb_section fb_built=\u00bb1&#8243; _builder_version=\u00bb4.20.4&#8243; _module_preset=\u00bbdefault\u00bb max_width=\u00bb1920px\u00bb module_alignment=\u00bbcenter\u00bb global_colors_info=\u00bb{}\u00bb][et_pb_row _builder_version=\u00bb4.20.4&#8243; _module_preset=\u00bbdefault\u00bb global_colors_info=\u00bb{}\u00bb][et_pb_column type=\u00bb4_4&#8243; _builder_version=\u00bb4.20.4&#8243; _module_preset=\u00bbdefault\u00bb global_colors_info=\u00bb{}\u00bb][et_pb_text _builder_version=\u00bb4.20.4&#8243; _module_preset=\u00bbdefault\u00bb text_font_size=\u00bb16px\u00bb header_font=\u00bb|||on|on||||\u00bb header_text_align=\u00bbcenter\u00bb header_text_color=\u00bb#726A5B\u00bb header_font_size=\u00bb32px\u00bb header_2_font_size=\u00bb22px\u00bb global_colors_info=\u00bb{}\u00bb]<\/p>\n<h1>POL\u00cdTICA DE PRIVACIDAD<\/h1>\n<h2>Definiciones<\/h2>\n<p>El Editor: La persona, f\u00edsica o jur\u00eddica, que publica los servicios de comunicaci\u00f3n p\u00fablica en l\u00ednea.<\/p>\n<p>El Sitio: Todos los sitios web, p\u00e1ginas web y servicios en l\u00ednea ofrecidos por la Editorial.<\/p>\n<p>El Usuario: La persona que utiliza el Sitio y los servicios.<\/p>\n<h2>Naturaleza de los datos recogidos<\/h2>\n<p>Durante el uso de los Sitios, el Editor puede recopilar las siguientes categor\u00edas de datos sobre sus Usuarios:<\/p>\n<p>Datos del estado civil, datos de identidad, datos de identificaci\u00f3n&#8230;<\/p>\n<p>Datos relativos a la vida personal (estilo de vida, situaci\u00f3n familiar, excluidos los datos sensibles o peligrosos)<\/p>\n<p>Datos relativos a la vida profesional (CV, educaci\u00f3n, formaci\u00f3n profesional, premios, etc.)<\/p>\n<p>Informaci\u00f3n econ\u00f3mica y financiera (ingresos, situaci\u00f3n financiera, situaci\u00f3n fiscal, etc.)<\/p>\n<p>Datos de conexi\u00f3n (direcciones IP, registros de eventos, etc.)<\/p>\n<p>Datos de localizaci\u00f3n (movimientos, datos GPS, GSM&#8230;)<\/p>\n<h2>Almacenamiento de datos t\u00e9cnicos y personales<\/h2>\n<p>Duraci\u00f3n de la conservaci\u00f3n de los datos t\u00e9cnicos<\/p>\n<p>Los datos t\u00e9cnicos se conservan durante el tiempo estrictamente necesario para alcanzar los fines antes mencionados.<\/p>\n<p>Eliminaci\u00f3n de datos tras el borrado de la cuenta<\/p>\n<p>Se establecen medios de depuraci\u00f3n de datos para prever la supresi\u00f3n efectiva de los mismos una vez alcanzado el plazo de conservaci\u00f3n o archivo necesario para el cumplimiento de los fines determinados o impuestos. De conformidad con la ley francesa n\u00b078-17 de 6 de enero de 1978 relativa a la inform\u00e1tica, a los ficheros y a las libertades, tiene derecho a suprimir sus datos en cualquier momento poni\u00e9ndose en contacto con el Editor.<\/p>\n<h2>Supresi\u00f3n de datos tras 3 a\u00f1os de inactividad<\/h2>\n<p>Por razones de seguridad, si no ha iniciado sesi\u00f3n en el Sitio durante un periodo de tres a\u00f1os, recibir\u00e1 un correo electr\u00f3nico invit\u00e1ndole a iniciar sesi\u00f3n lo antes posible; de lo contrario, sus datos se eliminar\u00e1n de nuestras bases de datos.<\/p>\n<h2>Formularios de contacto<\/h2>\n<p>De conformidad con el art\u00edculo 32 de la Ley Inform\u00e1tica y Libertades n\u00ba 78-17 de 6 de enero de 1978, modificada por la Ley n\u00ba 2004-801 de 6 de agosto de 2004, los datos de car\u00e1cter personal (nombre, apellidos, n\u00famero de tel\u00e9fono, correo electr\u00f3nico, condici\u00f3n social, etc.) recogidos a trav\u00e9s de los formularios de contacto son objeto de un tratamiento inform\u00e1tico destinado \u00fanicamente a permitir al responsable del tratamiento, \u00fanico destinatario de los datos, responder a los usuarios de la manera m\u00e1s adecuada, y nunca se utilizar\u00e1n para fines distintos de los previstos, ni se transmitir\u00e1n a socios ni se transferir\u00e1n fuera de la Uni\u00f3n Europea.. No se recopilar\u00e1 m\u00e1s informaci\u00f3n personal que la solicitada en este contexto sin su conocimiento.<\/p>\n<p>Los datos recogidos se conservar\u00e1n durante 38 meses:<\/p>\n<p>&#8211; desde el momento de la recogida o el \u00faltimo contacto para los clientes potenciales,<\/p>\n<p>&#8211; desde el final de la relaci\u00f3n comercial para los clientes.<\/p>\n<p>De conformidad con la ley modificada de \u00abProtecci\u00f3n de datos\u00bb de 6 de enero de 1978, usted tiene derecho a solicitar, acceder, rectificar y suprimir la informaci\u00f3n que le concierna.<\/p>\n<p>Para ejercer este derecho, env\u00ede un correo electr\u00f3nico a: info@campingriquewihr.com o escr\u00edbanos.<\/p>\n<p><strong>Consejo:<\/strong> \u00bfNo quiere dar su consentimiento? Ll\u00e1menos directamente. Responderemos a sus preguntas por tel\u00e9fono.<\/p>\n<h2>Contenido incrustado de otros sitios<\/h2>\n<p>Los art\u00edculos de este sitio pueden incluir contenido incrustado (por ejemplo, v\u00eddeos, im\u00e1genes, art\u00edculos&#8230;). El contenido incrustado de otros sitios se comporta de la misma manera que si el visitante estuviera en ese otro sitio.<\/p>\n<p>Estos sitios web pueden recopilar datos sobre usted, utilizar cookies, incrustar herramientas de seguimiento de terceros, rastrear sus interacciones con estos contenidos incrustados si tiene una cuenta iniciada en su sitio web.<\/p>\n<h2>Cookies<\/h2>\n<p>Tiempo de retenci\u00f3n de cookies<\/p>\n<p>De conformidad con las recomendaciones de la CNIL, la duraci\u00f3n m\u00e1xima de conservaci\u00f3n de las cookies es de 13 meses despu\u00e9s de su primer dep\u00f3sito en el terminal del Usuario, al igual que la duraci\u00f3n de la validez del consentimiento del Usuario para el uso de estas cookies. La vida \u00fatil de las cookies no se prolonga con cada visita. Por lo tanto, el consentimiento del Usuario debe renovarse al final de este periodo.<\/p>\n<h2>Finalidad de las cookies<\/h2>\n<p>Las cookies pueden utilizarse con fines estad\u00edsticos, en particular para optimizar los servicios prestados al Usuario, bas\u00e1ndose en el tratamiento de la informaci\u00f3n relativa a la frecuencia de acceso, la personalizaci\u00f3n de las p\u00e1ginas y las operaciones realizadas y la informaci\u00f3n consultada.<\/p>\n<p>Se le informa de que el Editor puede colocar cookies en su terminal. La cookie registra informaci\u00f3n relativa a la navegaci\u00f3n en el servicio (las p\u00e1ginas que ha consultado, la fecha y hora de la consulta, etc.) que podremos leer en sus visitas posteriores.<\/p>\n<h2>Cookies exentas de consentimiento previo<\/h2>\n<p>La finalidad de las cookies es permitir una navegaci\u00f3n y visualizaci\u00f3n \u00f3ptimas de las p\u00e1ginas de nuestro sitio y controlar la privacidad de los usuarios. La utilizaci\u00f3n de estos trazadores no requiere su consentimiento seg\u00fan el art\u00edculo 32 II de la ley n\u00b0 78-17 del 6 de enero de 1978.<\/p>\n<p>Sin embargo, puede desactivarlas en cualquier momento.<\/p>\n<h2>Cookies que requieren su consentimiento previo<\/h2>\n<p>Las cookies anal\u00edticas, del tercero Google, se utilizan para recopilar estad\u00edsticas an\u00f3nimas de los visitantes que, al agregarse, podr\u00edan resultar intrusivas para la privacidad de los usuarios del sitio.<\/p>\n<p>En consecuencia, el uso de rastreadores de Google Analytics est\u00e1 desactivado por defecto en este sitio web. Puede autorizarlas para que el gestor del sitio pueda mejorar la calidad de la navegaci\u00f3n y la informaci\u00f3n proporcionada en este sitio.<\/p>\n<p>Por \u00faltimo, puede retirar su consentimiento en cualquier momento<\/p>\n<h2>M\u00e1s informaci\u00f3n<\/h2>\n<h2>C\u00f3mo protegemos sus datos<\/h2>\n<p>Nos comprometemos a aplicar todas las medidas t\u00e9cnicas y organizativas apropiadas para garantizar un nivel de seguridad adecuado a los riesgos de acceso accidental, no autorizado o ilegal, divulgaci\u00f3n, alteraci\u00f3n, p\u00e9rdida o destrucci\u00f3n de sus datos personales.<\/p>\n<p>En caso de que tengamos conocimiento de un acceso il\u00edcito a sus datos personales almacenados en nuestros servidores o en los de nuestros proveedores de servicios, o de un acceso no autorizado que d\u00e9 lugar a los riesgos antes se\u00f1alados, lo haremos:<\/p>\n<p>Notificarte el incidente lo antes posible;<br \/>Examinar las causas del incidente e informarte de ellas;<br \/>Tomar las medidas necesarias, dentro de unos l\u00edmites razonables, para reducir los efectos negativos y los da\u00f1os que puedan derivarse del incidente.<\/p>\n<h2>Limitaci\u00f3n de responsabilidad<\/h2>\n<p>En ning\u00fan caso se considerar\u00e1n los compromisos expuestos en el punto anterior relativos a la notificaci\u00f3n en caso de violaci\u00f3n de la seguridad como una admisi\u00f3n de culpa o responsabilidad por la ocurrencia del incidente en cuesti\u00f3n.<\/p>\n<h2>Retirada del consentimiento para sus datos personales<\/h2>\n<p>Tiene derecho a acceder, modificar y\/o eliminar sus datos personales en cualquier momento poni\u00e9ndose en contacto con el editor del sitio.<\/p>\n<p>El responsable del fichero dispone de un plazo m\u00e1ximo de 2 meses a partir de la fecha de la solicitud para responder. La CNIL precisa: \u00abSi la solicitud est\u00e1 incompleta (por ejemplo, ausencia de un documento de identidad), el responsable del fichero tiene derecho a pedir informaci\u00f3n complementaria: el plazo se suspende entonces y volver\u00e1 a correr una vez que se hayan facilitado estos elementos\u00bb.<\/p>\n<p>Los l\u00edmites del derecho de acceso se especifican en el sitio web de la CNIL y pueden consultarse haciendo clic aqu\u00ed.<\/p>\n<h2>Modificaci\u00f3n de las CGV y de la pol\u00edtica de privacidad<\/h2>\n<p>Nos comprometemos a informarle en caso de modificaci\u00f3n sustancial de las presentes CGV y a no reducir sustancialmente el nivel de confidencialidad de sus datos sin informarle y obtener su consentimiento.<\/p>\n<p>[\/et_pb_text][\/et_pb_column][\/et_pb_row][\/et_pb_section]<\/p>\n","protected":false},"excerpt":{"rendered":"<p>POL\u00cdTICA DE PRIVACIDAD Definiciones El Editor: La persona, f\u00edsica o jur\u00eddica, que publica los servicios de comunicaci\u00f3n p\u00fablica en l\u00ednea. El Sitio: Todos los sitios web, p\u00e1ginas web y servicios en l\u00ednea ofrecidos por la Editorial. El Usuario: La persona que utiliza el Sitio y los servicios. Naturaleza de los datos recogidos Durante el uso de los Sitios, el Editor puede recopilar las siguientes categor\u00edas de datos sobre sus Usuarios: Datos del estado civil, datos de identidad, datos de identificaci\u00f3n&#8230; Datos relativos a la vida personal (estilo de vida, situaci\u00f3n familiar, excluidos los datos sensibles o peligrosos) Datos relativos a la vida profesional (CV, educaci\u00f3n, formaci\u00f3n profesional, premios, etc.) Informaci\u00f3n econ\u00f3mica y financiera (ingresos, situaci\u00f3n financiera, situaci\u00f3n fiscal, etc.) Datos de conexi\u00f3n (direcciones IP, registros de eventos, etc.) Datos de localizaci\u00f3n (movimientos, datos GPS, GSM&#8230;) Almacenamiento de datos t\u00e9cnicos y personales Duraci\u00f3n de la conservaci\u00f3n de los datos t\u00e9cnicos Los datos t\u00e9cnicos se conservan durante el tiempo estrictamente necesario para alcanzar los fines antes mencionados. Eliminaci\u00f3n de datos tras el borrado de la cuenta Se establecen medios de depuraci\u00f3n de datos para prever la supresi\u00f3n efectiva de los mismos una vez alcanzado el plazo de conservaci\u00f3n o archivo necesario para [&hellip;]<\/p>\n","protected":false},"author":2,"featured_media":0,"parent":0,"menu_order":0,"comment_status":"closed","ping_status":"closed","template":"","meta":{"_seopress_robots_primary_cat":"","_seopress_titles_title":"","_seopress_titles_desc":"","_seopress_robots_index":"s\u00ed","_et_pb_use_builder":"on","_et_pb_old_content":"","_et_gb_content_width":"","footnotes":""},"class_list":["post-2488","page","type-page","status-publish","hentry"],"_links":{"self":[{"href":"https:\/\/campingriquewihr.com\/es\/wp-json\/wp\/v2\/pages\/2488","targetHints":{"allow":["GET"]}}],"collection":[{"href":"https:\/\/campingriquewihr.com\/es\/wp-json\/wp\/v2\/pages"}],"about":[{"href":"https:\/\/campingriquewihr.com\/es\/wp-json\/wp\/v2\/types\/page"}],"author":[{"embeddable":true,"href":"https:\/\/campingriquewihr.com\/es\/wp-json\/wp\/v2\/users\/2"}],"replies":[{"embeddable":true,"href":"https:\/\/campingriquewihr.com\/es\/wp-json\/wp\/v2\/comments?post=2488"}],"version-history":[{"count":22,"href":"https:\/\/campingriquewihr.com\/es\/wp-json\/wp\/v2\/pages\/2488\/revisions"}],"predecessor-version":[{"id":7935,"href":"https:\/\/campingriquewihr.com\/es\/wp-json\/wp\/v2\/pages\/2488\/revisions\/7935"}],"wp:attachment":[{"href":"https:\/\/campingriquewihr.com\/es\/wp-json\/wp\/v2\/media?parent=2488"}],"curies":[{"name":"wp","href":"https:\/\/api.w.org\/{rel}","templated":true}]}}