{"id":8729,"date":"2026-03-27T12:35:33","date_gmt":"2026-03-27T11:35:33","guid":{"rendered":"https:\/\/campingriquewihr.com\/probar-tema-elegante\/"},"modified":"2026-03-27T12:36:25","modified_gmt":"2026-03-27T11:36:25","slug":"probar-tema-elegante","status":"publish","type":"page","link":"https:\/\/campingriquewihr.com\/es\/probar-tema-elegante\/","title":{"rendered":"probar tema elegante"},"content":{"rendered":"<p>[et_pb_section fb_built=\u00bb1&#8243; theme_builder_area=\u00bbpost_content\u00bb _builder_version=\u00bb4.27.6&#8243; _module_preset=\u00bbdefault\u00bb][et_pb_row _builder_version=\u00bb4.27.6&#8243; _module_preset=\u00bbdefault\u00bb theme_builder_area=\u00bbpost_content\u00bb][et_pb_column _builder_version=\u00bb4.27.6&#8243; _module_preset=\u00bbdefault\u00bb type=\u00bb4_4&#8243; theme_builder_area=\u00bbpost_content\u00bb][et_pb_contact_form use_spam_service=\u00bbon\u00bb recaptcha_list=\u00bbCAMPING RIQUEWIHR V3|CAMPING RIQUEWIHR V3-0&#8243; email=\u00bblaure@neoh.fr\u00bb title=\u00bb@ET-DC@eyJkeW5hbWljIjp0cnVlLCJjb250ZW50IjoicG9zdF9tZXRhX2tleSIsInNldHRpbmdzIjp7ImJlZm9yZSI6IiA8YSBocmVmPVwiaHR0cHM6XC9cL3d3dy5mYWNlYm9vay5jb21cL2NhbXBpbmdyaXF1ZXdpaHJcIiB0YXJnZXQ9XCJfYmxhbmtcIj48aW1nIHNyYz1cIlwvd3AtY29udGVudFwvdXBsb2Fkc1wvMjAyM1wvMDRcL2ljb25zOC1mYWNlYm9vay1jb3BpZS5zdmdcIiB3aWR0aD1cIjQwcHhcIj48XC9hPiAmbmJzcDs8YSBocmVmPVwiaHR0cHM6XC9cL3d3dy5pbnN0YWdyYW0uY29tXC9jYW1waW5ncmlxdWV3aWhyXC9cIiB0YXJnZXQ9XCJfYmxhbmtcIj4gPGltZyBzcmM9XCJcL3dwLWNvbnRlbnRcL3VwbG9hZHNcLzIwMjNcLzA0XC9pY29uczgtaW5zdGFncmFtLWNvcGllLnN2Z1wiIHdpZHRoPVwiNDBweFwiPiA8XC9hPiZuYnNwOyZuYnNwOzxpbWcgc3JjPVwiXC93cC1jb250ZW50XC91cGxvYWRzXC8yMDIzXC8wNFwvaWNvbnM4LXRlbGVwaG9uZS5zdmdcIiB3aWR0aD1cIjQwcHhcIj4gIiwiYWZ0ZXIiOiIgPGEgaHJlZj1cInRlbDorMzMzODk0NzkwMDhcIj48c3BhbiBpZD1cInRlbFwiPiszMyAoMCkzODkgNDc5IDAwODxcL3NwYW4+PFwvYT4iLCJtZXRhX2tleSI6IiIsImVuYWJsZV9odG1sIjoib2ZmIn19@\u00bb custom_message=\u00bbHa recibido un mensaje de su sitio Camping de Riquewihr||et_pb_line_break_holder||||et_pb_line_break_holder|Apellido de la persona: %%Apellido%||et_pb_line_break_holder||||et_pb_line_break_holder|Nombre de la persona: %%Nombre%||et_pb_line_break_holder||||et_pb_line_break_holder|Tel\u00e9fono de la persona: %%Tel\u00e9fono%||y_pb_line_break_holder||||y_pb_line_break_holder|E-mail de la persona: %%Email%||y_pb_line_break_holder||||y_pb_line_break_holder|Mensaje: %%Mensaje%||y_pb_line_break_holder||||y_pb_line_break_holder|\u00bb success_message=\u00bbGracias por su mensaje, le responderemos lo antes posible.\u00bb submit_button_text=\u00bbEnviar a\u00bb _builder_version=\u00bb4.27.6&#8243; _dynamic_attributes=\u00bbtitle\u00bb _module_preset=\u00bbdefault\u00bb _unique_id=\u00bb8043bbd1-c204-4870-b69e-bf8b19006b1f\u00bb form_field_background_color=\u00bb#DFECBA\u00bb form_field_text_color=\u00bb#000000&#8243; form_field_focus_text_color=\u00bb#000000&#8243; title_font=\u00bb||||||||\u00bb title_text_align=\u00bbcenter\u00bb title_text_color=\u00bb#726A5B\u00bb title_font_size=\u00bb30px\u00bb title_line_height=\u00bb2em\u00bb form_field_font_size=\u00bb18px\u00bb custom_button=\u00bbon\u00bb button_text_color=\u00bb#FFFFFF\u00bb button_bg_color=\u00bb#92BE13&#8243; button_font=\u00bbInterface xbold italic||||||||\u00bb button_icon=\u00bb&#x35;||divi||400&#8243; button_icon_color=\u00bb#FFFFFF\u00bb button_custom_margin=\u00bb||||false|false\u00bb button_custom_padding=\u00bb0px||0px||true|false\u00bb custom_padding=\u00bb|||50px|false|false\u00bb custom_padding_tablet=\u00bb|20px||20px|false|true\u00bb custom_padding_phone=\u00bb|20px||20px|false|true\u00bb custom_padding_last_edited=\u00bbon|desktop\u00bb title_font_size_tablet=\u00bb30px\u00bb title_font_size_phone=\u00bb18px\u00bb title_font_size_last_edited=\u00bbon|phone\u00bb border_radii=\u00bbon|30px|30px|30px|30px\u00bb locked=\u00bboff\u00bb global_colors_info=\u00bb{}\u00bb theme_builder_area=\u00bbpost_content\u00bb][et_pb_contact_field field_id=\u00bbNom\u00bb field_title=\u00bbNombre *\u00bb allowed_symbols=\u00bbletters\u00bb _builder_version=\u00bb4.21.0&#8243; global_colors_info=\u00bb{}\u00bb button_text_size__hover_enabled=\u00bboff\u00bb button_one_text_size__hover_enabled=\u00bboff\u00bb button_two_text_size__hover_enabled=\u00bboff\u00bb button_text_color__hover_enabled=\u00bboff\u00bb button_one_text_color__hover_enabled=\u00bboff\u00bb button_two_text_color__hover_enabled=\u00bboff\u00bb button_border_width__hover_enabled=\u00bboff\u00bb button_one_border_width__hover_enabled=\u00bboff\u00bb button_two_border_width__hover_enabled=\u00bboff\u00bb button_border_color__hover_enabled=\u00bboff\u00bb button_one_border_color__hover_enabled=\u00bboff\u00bb button_two_border_color__hover_enabled=\u00bboff\u00bb button_border_radius__hover_enabled=\u00bboff\u00bb button_one_border_radius__hover_enabled=\u00bboff\u00bb button_two_border_radius__hover_enabled=\u00bboff\u00bb button_letter_spacing__hover_enabled=\u00bboff\u00bb button_one_letter_spacing__hover_enabled=\u00bboff\u00bb button_two_letter_spacing__hover_enabled=\u00bboff\u00bb button_bg_color__hover_enabled=\u00bboff\u00bb button_one_bg_color__hover_enabled=\u00bboff\u00bb button_two_bg_color__hover_enabled=\u00bboff\u00bb theme_builder_area=\u00bbpost_content\u00bb][\/et_pb_contact_field][et_pb_contact_field field_id=\u00bbPrenom\u00bb field_title=\u00bbNombre *\u00bb _builder_version=\u00bb4.20.4&#8243; _module_preset=\u00bbdefault\u00bb global_colors_info=\u00bb{}\u00bb theme_builder_area=\u00bbpost_content\u00bb][\/et_pb_contact_field][et_pb_contact_field field_id=\u00bbTelephone\u00bb field_title=\u00bbTel\u00e9fono *\u00bb allowed_symbols=\u00bbnumbers\u00bb _builder_version=\u00bb4.20.4&#8243; _module_preset=\u00bbdefault\u00bb global_colors_info=\u00bb{}\u00bb theme_builder_area=\u00bbpost_content\u00bb][\/et_pb_contact_field][et_pb_contact_field field_id=\u00bbEmail\u00bb field_title=\u00bbCorreo electr\u00f3nico *\u00bb field_type=\u00bbemail\u00bb _builder_version=\u00bb4.20.4&#8243; global_colors_info=\u00bb{}\u00bb button_text_size__hover_enabled=\u00bboff\u00bb button_one_text_size__hover_enabled=\u00bboff\u00bb button_two_text_size__hover_enabled=\u00bboff\u00bb button_text_color__hover_enabled=\u00bboff\u00bb button_one_text_color__hover_enabled=\u00bboff\u00bb button_two_text_color__hover_enabled=\u00bboff\u00bb button_border_width__hover_enabled=\u00bboff\u00bb button_one_border_width__hover_enabled=\u00bboff\u00bb button_two_border_width__hover_enabled=\u00bboff\u00bb button_border_color__hover_enabled=\u00bboff\u00bb button_one_border_color__hover_enabled=\u00bboff\u00bb button_two_border_color__hover_enabled=\u00bboff\u00bb button_border_radius__hover_enabled=\u00bboff\u00bb button_one_border_radius__hover_enabled=\u00bboff\u00bb button_two_border_radius__hover_enabled=\u00bboff\u00bb button_letter_spacing__hover_enabled=\u00bboff\u00bb button_one_letter_spacing__hover_enabled=\u00bboff\u00bb button_two_letter_spacing__hover_enabled=\u00bboff\u00bb button_bg_color__hover_enabled=\u00bboff\u00bb button_one_bg_color__hover_enabled=\u00bboff\u00bb button_two_bg_color__hover_enabled=\u00bboff\u00bb theme_builder_area=\u00bbpost_content\u00bb][\/et_pb_contact_field][et_pb_contact_field field_id=\u00bbMessage\u00bb field_title=\u00bbSu mensaje\u00bb field_type=\u00bbtext\u00bb required_mark=\u00bboff\u00bb fullwidth_field=\u00bbon\u00bb _builder_version=\u00bb4.20.4&#8243; global_colors_info=\u00bb{}\u00bb button_text_size__hover_enabled=\u00bboff\u00bb button_one_text_size__hover_enabled=\u00bboff\u00bb button_two_text_size__hover_enabled=\u00bboff\u00bb button_text_color__hover_enabled=\u00bboff\u00bb button_one_text_color__hover_enabled=\u00bboff\u00bb button_two_text_color__hover_enabled=\u00bboff\u00bb button_border_width__hover_enabled=\u00bboff\u00bb button_one_border_width__hover_enabled=\u00bboff\u00bb button_two_border_width__hover_enabled=\u00bboff\u00bb button_border_color__hover_enabled=\u00bboff\u00bb button_one_border_color__hover_enabled=\u00bboff\u00bb button_two_border_color__hover_enabled=\u00bboff\u00bb button_border_radius__hover_enabled=\u00bboff\u00bb button_one_border_radius__hover_enabled=\u00bboff\u00bb button_two_border_radius__hover_enabled=\u00bboff\u00bb button_letter_spacing__hover_enabled=\u00bboff\u00bb button_one_letter_spacing__hover_enabled=\u00bboff\u00bb button_two_letter_spacing__hover_enabled=\u00bboff\u00bb button_bg_color__hover_enabled=\u00bboff\u00bb button_one_bg_color__hover_enabled=\u00bboff\u00bb button_two_bg_color__hover_enabled=\u00bboff\u00bb theme_builder_area=\u00bbpost_content\u00bb][\/et_pb_contact_field][et_pb_contact_field field_id=\u00bbRGPD\u00bb field_title=\u00bb* campos obligatorios\u00bb field_type=\u00bbcheckbox\u00bb checkbox_options=\u00bb%91{%22value%22:%22Al rellenar este formulario de contacto, entiendo que, tras hacer clic en el bot\u00f3n %92%22Enviar%92%22, mis datos personales s\u00f3lo se transmitir\u00e1n al gestor del sitio para que \u00e9ste pueda responderme. Lea la pol\u00edtica de privacidad del sitio.%22,%22checked%22:0,%22dragID%22:-1}%93&#8243; fullwidth_field=\u00bbon\u00bb _builder_version=\u00bb4.21.0&#8243; _module_preset=\u00bbdefault\u00bb form_field_background_color=\u00bb#FFFFFF\u00bb form_field_text_color=\u00bb#000000&#8243; form_field_focus_background_color=\u00bbRGBA(255,255,255,0)\u00bb form_field_focus_text_color=\u00bb#000000&#8243; form_field_font=\u00bbInterface light|700|||||||\u00bb form_field_font_size=\u00bb10px\u00bb form_field_line_height=\u00bb1.4em\u00bb max_width=\u00bb70%\u00bb max_width_tablet=\u00bb85%\u00bb max_width_phone=\u00bb100%\u00bb max_width_last_edited=\u00bbon|tablet\u00bb form_field_text_color_tablet=\u00bb#000000&#8243; form_field_text_color_phone=\u00bb#000000&#8243; form_field_text_color_last_edited=\u00bbon|tablet\u00bb border_radii=\u00bbon|0px|0px|0px|0px\u00bb border_width_all=\u00bb1px\u00bb global_colors_info=\u00bb{}\u00bb theme_builder_area=\u00bbpost_content\u00bb][\/et_pb_contact_field][\/et_pb_contact_form][\/et_pb_column][\/et_pb_row][\/et_pb_section]<\/p>\n","protected":false},"excerpt":{"rendered":"","protected":false},"author":2,"featured_media":0,"parent":0,"menu_order":0,"comment_status":"closed","ping_status":"closed","template":"","meta":{"_seopress_robots_primary_cat":"","_seopress_titles_title":"","_seopress_titles_desc":"","_seopress_robots_index":"","_et_pb_use_builder":"on","_et_pb_old_content":"","_et_gb_content_width":"","footnotes":""},"class_list":["post-8729","page","type-page","status-publish","hentry"],"_links":{"self":[{"href":"https:\/\/campingriquewihr.com\/es\/wp-json\/wp\/v2\/pages\/8729","targetHints":{"allow":["GET"]}}],"collection":[{"href":"https:\/\/campingriquewihr.com\/es\/wp-json\/wp\/v2\/pages"}],"about":[{"href":"https:\/\/campingriquewihr.com\/es\/wp-json\/wp\/v2\/types\/page"}],"author":[{"embeddable":true,"href":"https:\/\/campingriquewihr.com\/es\/wp-json\/wp\/v2\/users\/2"}],"replies":[{"embeddable":true,"href":"https:\/\/campingriquewihr.com\/es\/wp-json\/wp\/v2\/comments?post=8729"}],"version-history":[{"count":10,"href":"https:\/\/campingriquewihr.com\/es\/wp-json\/wp\/v2\/pages\/8729\/revisions"}],"predecessor-version":[{"id":8759,"href":"https:\/\/campingriquewihr.com\/es\/wp-json\/wp\/v2\/pages\/8729\/revisions\/8759"}],"wp:attachment":[{"href":"https:\/\/campingriquewihr.com\/es\/wp-json\/wp\/v2\/media?parent=8729"}],"curies":[{"name":"wp","href":"https:\/\/api.w.org\/{rel}","templated":true}]}}