{"id":2390,"date":"2023-04-27T14:48:03","date_gmt":"2023-04-27T12:48:03","guid":{"rendered":"https:\/\/campingriquewihr.com\/informazioni-legali\/"},"modified":"2026-03-03T11:13:26","modified_gmt":"2026-03-03T10:13:26","slug":"informazioni-legali","status":"publish","type":"page","link":"https:\/\/campingriquewihr.com\/it\/informazioni-legali\/","title":{"rendered":"Informazioni legali"},"content":{"rendered":"<p>[et_pb_section fb_built=&#8221;1&#8243; _builder_version=&#8221;4.20.4&#8243; _module_preset=&#8221;default&#8221; max_width=&#8221;1920px&#8221; module_alignment=&#8221;center&#8221; global_colors_info=&#8221;{}&#8221;][et_pb_row _builder_version=&#8221;4.20.4&#8243; _module_preset=&#8221;default&#8221; custom_padding=&#8221;||||false|false&#8221; global_colors_info=&#8221;{}&#8221;][et_pb_column type=&#8221;4_4&#8243; _builder_version=&#8221;4.20.4&#8243; _module_preset=&#8221;default&#8221; global_colors_info=&#8221;{}&#8221;][et_pb_text _builder_version=&#8221;4.20.4&#8243; _module_preset=&#8221;default&#8221; text_font_size=&#8221;16px&#8221; header_font=&#8221;|||on|on||||&#8221; header_text_align=&#8221;center&#8221; header_font_size=&#8221;32px&#8221; header_5_font_size=&#8221;18px&#8221; global_colors_info=&#8221;{}&#8221;]<\/p>\n<h1>Informazioni legali<\/h1>\n<h5><\/h5>\n<h5>CREDITI<\/h5>\n<p>Creazione del sito web, grafica ed ergonomia: Agence NEOH<\/p>\n<h5>EDITORE<\/h5>\n<p>Il sito www.campingriquewihr.com \u00e8 pubblicato da SAS Camping de Riquewihr con un capitale di 10.000 EURO, iscritta al Registro del Commercio e delle Imprese di Colmar con il numero SIRET 801 594 854 00011, con sede legale in 4 Rue St Morand 68150 RIBEAUVILLE. SAS Camping de Riquewihr \u00e8 soggetta a IVA ed \u00e8 identificata con un numero individuale in applicazione dell&#8217;articolo 286 ter del Codice Generale delle Imposte. Il suo numero di identificazione individuale \u00e8 FR53 801 594 854.<\/p>\n<h5>DIRETTORE DELLA PUBBLICAZIONE<\/h5>\n<p>Il direttore della pubblicazione del sito web www.campingriquewihr.com \u00e8 la signora Marie-Pia Kern. Il responsabile editoriale del sito www.campingriquewihr.com \u00e8 l&#8217;agenzia NEOH.<\/p>\n<h5>EMBEDDERS<\/h5>\n<p>Il sito www.campingriquewihr.com \u00e8 ospitato dalla societ\u00e0 O2switch, con un capitale di 100.000 euro &#8211; RCS Clermont-Ferrand &#8211; SIRET: 510 909 80700024 &#8211; Partita IVA: FR35510909807 &#8211; Sede: 222-224 Boulevard Gustave Flaubert &#8211; 63000 Clermont-Ferrand &#8211; Francia.<\/p>\n<h5>PROPRIET\u00c0 INTELLETTUALE<\/h5>\n<p>La struttura generale del sito www.campingriquewihr.com cos\u00ec come i testi, la grafica, le immagini, i suoni e i video che lo compongono sono di propriet\u00e0 di SAS Camping de Riquewihr o dei suoi partner. Qualsiasi rappresentazione e\/o riproduzione e\/o sfruttamento di questo sito, in tutto o in parte, con qualsiasi mezzo, senza la previa autorizzazione scritta di SAS Camping de Riquewihr o dei suoi partner \u00e8 severamente vietata e pu\u00f2 costituire una violazione del diritto d&#8217;autore ai sensi degli articoli L 335-2 e seguenti del Codice della Propriet\u00e0 Intellettuale francese.<\/p>\n<h5>LEGGE SULLA PROTEZIONE DEI DATI<\/h5>\n<p>Il vostro indirizzo e-mail potr\u00e0 essere conservato da SAS Camping de Riquewihr al solo scopo di tenervi informati. L&#8217;utente pu\u00f2 chiedere di essere rimosso dall&#8217;elenco in qualsiasi momento. Nessuna informazione personale viene raccolta senza che l&#8217;utente ne sia a conoscenza. Nessuna informazione personale viene trasmessa a terzi. Vi ricordiamo che avete il diritto di accesso, modifica, rettifica e cancellazione dei dati che vi riguardano (legge n\u00b078-17 del 6 gennaio 1978 modificata dalla legge n\u00b02004-575 del 21 giugno 2004). Per esercitare tali diritti, vi preghiamo di contattarci.<\/p>\n<h5>RESPONSABILIT\u00c0<\/h5>\n<p>Questo sito si impegna a fornire informazioni affidabili e aggiornate. Nonostante la nostra vigilanza, \u00e8 possibile che nelle nostre pagine si siano insinuati degli errori. Ci scusiamo per il fatto che non siamo responsabili dell&#8217;uso di queste informazioni o di eventuali danni diretti o indiretti che ne possono derivare. Qualsiasi collegamento ipertestuale ad altri siti web o ad altre fonti Internet \u00e8 soggetto all&#8217;autorizzazione scritta di SAS Camping de Riquewihr e alla sua esclusiva verifica.<\/p>\n<p>SAS Camping de Riquewihr non pu\u00f2 essere ritenuta responsabile della disponibilit\u00e0 di risorse interne ed esterne e non pu\u00f2 accettare alcuna responsabilit\u00e0 per il contenuto, la pubblicit\u00e0, i prodotti, i servizi o qualsiasi altro materiale disponibile su o da questi siti web o fonti interne ed esterne.<\/p>\n<p>Allo stesso modo, e nella misura consentita dalla legge, SAS Camping de Riquewihr non pu\u00f2 essere ritenuta responsabile se il contenuto di tali siti web contravviene alle disposizioni legali e regolamentari in vigore. SAS Camping de Riquewihr adotta tutte le precauzioni necessarie per garantire che il contenuto del sito non sia contrario all&#8217;ordine pubblico e al buon costume. Tuttavia, se idee o immagini offendono alcune persone particolarmente sensibili, SAS Camping de Riquewihr non pu\u00f2 essere ritenuta responsabile. Allo stesso modo, SAS Camping de Riquewihr non potr\u00e0 essere ritenuta responsabile in caso di contaminazione delle apparecchiature informatiche degli utenti di Internet dovuta alla propagazione di un virus o di altre infezioni informatiche. In qualit\u00e0 di utenti del sito web, \u00e8 vostra responsabilit\u00e0 adottare tutte le misure appropriate per proteggere i vostri dati e\/o software dalla contaminazione di eventuali virus in circolazione su Internet.<\/p>\n<p>Se avete commenti su eventuali problemi con il sito, vi preghiamo di contattarci il prima possibile in modo da poter apportare le modifiche necessarie.<\/p>\n<p>[\/et_pb_text][\/et_pb_column][\/et_pb_row][\/et_pb_section]<\/p>\n","protected":false},"excerpt":{"rendered":"<p>Informazioni legali CREDITI Creazione del sito web, grafica ed ergonomia: Agence NEOH EDITORE Il sito www.campingriquewihr.com \u00e8 pubblicato da SAS Camping de Riquewihr con un capitale di 10.000 EURO, iscritta al Registro del Commercio e delle Imprese di Colmar con il numero SIRET 801 594 854 00011, con sede legale in 4 Rue St Morand 68150 RIBEAUVILLE. SAS Camping de Riquewihr \u00e8 soggetta a IVA ed \u00e8 identificata con un numero individuale in applicazione dell&#8217;articolo 286 ter del Codice Generale delle Imposte. Il suo numero di identificazione individuale \u00e8 FR53 801 594 854. DIRETTORE DELLA PUBBLICAZIONE Il direttore della pubblicazione del sito web www.campingriquewihr.com \u00e8 la signora Marie-Pia Kern. Il responsabile editoriale del sito www.campingriquewihr.com \u00e8 l&#8217;agenzia NEOH. EMBEDDERS Il sito www.campingriquewihr.com \u00e8 ospitato dalla societ\u00e0 O2switch, con un capitale di 100.000 euro &#8211; RCS Clermont-Ferrand &#8211; SIRET: 510 909 80700024 &#8211; Partita IVA: FR35510909807 &#8211; Sede: 222-224 Boulevard Gustave Flaubert &#8211; 63000 Clermont-Ferrand &#8211; Francia. PROPRIET\u00c0 INTELLETTUALE La struttura generale del sito www.campingriquewihr.com cos\u00ec come i testi, la grafica, le immagini, i suoni e i video che lo compongono sono di propriet\u00e0 di SAS Camping de Riquewihr o dei suoi partner. Qualsiasi rappresentazione e\/o riproduzione e\/o sfruttamento di questo [&hellip;]<\/p>\n","protected":false},"author":2,"featured_media":0,"parent":0,"menu_order":0,"comment_status":"closed","ping_status":"closed","template":"","meta":{"_seopress_robots_primary_cat":"","_seopress_titles_title":"","_seopress_titles_desc":"","_seopress_robots_index":"yes","_et_pb_use_builder":"on","_et_pb_old_content":"","_et_gb_content_width":"","footnotes":""},"class_list":["post-2390","page","type-page","status-publish","hentry"],"_links":{"self":[{"href":"https:\/\/campingriquewihr.com\/it\/wp-json\/wp\/v2\/pages\/2390","targetHints":{"allow":["GET"]}}],"collection":[{"href":"https:\/\/campingriquewihr.com\/it\/wp-json\/wp\/v2\/pages"}],"about":[{"href":"https:\/\/campingriquewihr.com\/it\/wp-json\/wp\/v2\/types\/page"}],"author":[{"embeddable":true,"href":"https:\/\/campingriquewihr.com\/it\/wp-json\/wp\/v2\/users\/2"}],"replies":[{"embeddable":true,"href":"https:\/\/campingriquewihr.com\/it\/wp-json\/wp\/v2\/comments?post=2390"}],"version-history":[{"count":31,"href":"https:\/\/campingriquewihr.com\/it\/wp-json\/wp\/v2\/pages\/2390\/revisions"}],"predecessor-version":[{"id":8392,"href":"https:\/\/campingriquewihr.com\/it\/wp-json\/wp\/v2\/pages\/2390\/revisions\/8392"}],"wp:attachment":[{"href":"https:\/\/campingriquewihr.com\/it\/wp-json\/wp\/v2\/media?parent=2390"}],"curies":[{"name":"wp","href":"https:\/\/api.w.org\/{rel}","templated":true}]}}