{"id":2492,"date":"2023-04-27T15:18:07","date_gmt":"2023-04-27T13:18:07","guid":{"rendered":"https:\/\/campingriquewihr.com\/informativa-sulla-privacy\/"},"modified":"2026-02-23T18:11:43","modified_gmt":"2026-02-23T17:11:43","slug":"informativa-sulla-privacy","status":"publish","type":"page","link":"https:\/\/campingriquewihr.com\/it\/informativa-sulla-privacy\/","title":{"rendered":"Informativa sulla privacy"},"content":{"rendered":"<p>[et_pb_section fb_built=&#8221;1&#8243; _builder_version=&#8221;4.20.4&#8243; _module_preset=&#8221;default&#8221; max_width=&#8221;1920px&#8221; module_alignment=&#8221;center&#8221; global_colors_info=&#8221;{}&#8221;][et_pb_row _builder_version=&#8221;4.20.4&#8243; _module_preset=&#8221;default&#8221; global_colors_info=&#8221;{}&#8221;][et_pb_column type=&#8221;4_4&#8243; _builder_version=&#8221;4.20.4&#8243; _module_preset=&#8221;default&#8221; global_colors_info=&#8221;{}&#8221;][et_pb_text _builder_version=&#8221;4.20.4&#8243; _module_preset=&#8221;default&#8221; text_font_size=&#8221;16px&#8221; header_font=&#8221;|||on|on||||&#8221; header_text_align=&#8221;center&#8221; header_text_color=&#8221;#726A5B&#8221; header_font_size=&#8221;32px&#8221; header_2_font_size=&#8221;22px&#8221; global_colors_info=&#8221;{}&#8221;]<\/p>\n<h1>INFORMATIVA SULLA PRIVACY<\/h1>\n<h2>Definizioni<\/h2>\n<p>Editore: la persona, fisica o giuridica, che pubblica i servizi di comunicazione pubblica online.<\/p>\n<p>Il Sito: tutti i siti web, le pagine web e i servizi online offerti dall&#8217;Editore.<\/p>\n<p>L&#8217;Utente: la persona che utilizza il Sito e i servizi.<\/p>\n<h2>Natura dei dati raccolti<\/h2>\n<p>Nel corso dell&#8217;utilizzo dei Siti, l&#8217;Editore pu\u00f2 raccogliere le seguenti categorie di dati sui propri Utenti:<\/p>\n<p>Dati di stato civile, dati di identit\u00e0, dati di identificazione&#8230;<\/p>\n<p>Dati relativi alla vita personale (stile di vita, situazione familiare, esclusi i dati sensibili o pericolosi)<\/p>\n<p>Dati relativi alla vita professionale (curriculum vitae, istruzione, formazione professionale, riconoscimenti, ecc.)<\/p>\n<p>Informazioni economiche e finanziarie (reddito, situazione finanziaria, situazione fiscale, ecc.)<\/p>\n<p>Dati di connessione (indirizzi IP, registri eventi, ecc.)<\/p>\n<p>Dati di localizzazione (movimenti, dati GPS, GSM&#8230;)<\/p>\n<h2>Conservazione dei dati tecnici e personali<\/h2>\n<p>Durata della conservazione dei dati tecnici<\/p>\n<p>I dati tecnici sono conservati per il tempo strettamente necessario al raggiungimento delle finalit\u00e0 sopra indicate.<\/p>\n<p>Cancellazione dei dati dopo l&#8217;eliminazione dell&#8217;account<\/p>\n<p>I mezzi di cancellazione dei dati sono messi in atto per provvedere all&#8217;effettiva cancellazione dei dati una volta raggiunto il periodo di conservazione o archiviazione necessario per l&#8217;adempimento delle finalit\u00e0 determinate o imposte. In conformit\u00e0 alla legge francese n\u00b078-17 del 6 gennaio 1978 sul trattamento dei dati, sugli archivi e sulle libert\u00e0 individuali, l&#8217;utente ha il diritto di cancellare i propri dati in qualsiasi momento contattando l&#8217;editore.<\/p>\n<h2>Cancellazione dei dati dopo 3 anni di inattivit\u00e0<\/h2>\n<p>Per motivi di sicurezza, se non avete effettuato l&#8217;accesso al Sito per un periodo di tre anni, riceverete un&#8217;e-mail che vi inviter\u00e0 a effettuare l&#8217;accesso il prima possibile, altrimenti i vostri dati saranno cancellati dai nostri database.<\/p>\n<h2>Moduli di contatto<\/h2>\n<p>Ai sensi dell&#8217;articolo 32 della legge francese sulla protezione dei dati personali n. 78-17 del 6 gennaio 1978, modificata dalla legge n. 2004-801 del 6 agosto 2004, i dati personali (nome, cognome, numero di telefono, e-mail, stato sociale, ecc.) raccolti tramite i moduli di contatto sono trattati al solo scopo di consentire al titolare del trattamento, unico destinatario dei dati, di rispondere agli utenti nel modo pi\u00f9 appropriato e non saranno mai utilizzati per altri scopi.) raccolti tramite i moduli di contatto sono oggetto di un trattamento informatico finalizzato unicamente a consentire al titolare del trattamento, unico destinatario dei dati, di rispondere agli utenti nel modo pi\u00f9 appropriato, e non saranno mai utilizzati per scopi diversi da quelli per cui sono stati destinati, n\u00e9 saranno trasmessi a partner e non saranno trasferiti al di fuori dell&#8217;Unione Europea.. Non vengono raccolte informazioni personali diverse da quelle richieste in questo contesto senza che l&#8217;utente ne sia a conoscenza.<\/p>\n<p>I dati raccolti saranno conservati per 38 mesi:<\/p>\n<p>&#8211; dalla data di raccolta o di ultimo contatto per i potenziali clienti,<\/p>\n<p>&#8211; dalla fine del rapporto commerciale per i clienti.<\/p>\n<p>In conformit\u00e0 alla legge modificata sulla &#8220;Protezione dei dati&#8221; del 6 gennaio 1978, avete il diritto di richiedere, accedere, rettificare e cancellare le informazioni che vi riguardano.<\/p>\n<p>Per esercitare questo diritto, inviare un&#8217;e-mail a: info@campingriquewihr.com o scrivere a noi.<\/p>\n<p><strong>Suggerimento:<\/strong> non volete dare il vostro consenso? Chiamateci direttamente. Risponderemo alle vostre domande per telefono.<\/p>\n<h2>Contenuti incorporati da altri siti<\/h2>\n<p>Gli articoli di questo sito possono includere contenuti incorporati (ad esempio video, immagini, articoli&#8230;). I contenuti incorporati da altri siti si comportano come se il visitatore si trovasse su quell&#8217;altro sito.<\/p>\n<p>Questi siti web possono raccogliere dati sull&#8217;utente, utilizzare cookie, incorporare strumenti di tracciamento di terze parti, tracciare le interazioni dell&#8217;utente con questi contenuti incorporati se l&#8217;utente ha un account registrato sul loro sito web.<\/p>\n<h2>Biscotti<\/h2>\n<p>Tempo di conservazione dei cookie<\/p>\n<p>In conformit\u00e0 alle raccomandazioni della CNIL, la durata massima di conservazione dei cookie \u00e8 di 13 mesi dal loro primo deposito nel terminale dell&#8217;Utente, cos\u00ec come la durata della validit\u00e0 del consenso dell&#8217;Utente all&#8217;utilizzo di tali cookie. La durata dei cookie non viene prolungata a ogni visita. Il consenso dell&#8217;Utente deve pertanto essere rinnovato alla fine di questo periodo.<\/p>\n<h2>Scopo dei cookie<\/h2>\n<p>I cookie possono essere utilizzati a fini statistici, in particolare per ottimizzare i servizi resi all&#8217;Utente, sulla base dell&#8217;elaborazione di informazioni relative alla frequenza degli accessi, alla personalizzazione delle pagine e alle operazioni effettuate e alle informazioni consultate.<\/p>\n<p>L&#8217;utente \u00e8 informato del fatto che l&#8217;Editore pu\u00f2 inserire dei cookie sul suo terminale. Il cookie registra informazioni relative alla navigazione sul servizio (le pagine consultate, la data e l&#8217;ora della consultazione, ecc.) che possiamo leggere durante le visite successive.<\/p>\n<h2>Cookie esenti da consenso preventivo<\/h2>\n<p>Lo scopo dei cookie \u00e8 quello di consentire una navigazione e una visualizzazione ottimale delle pagine del nostro sito e di monitorare la privacy degli utenti. L&#8217;utilizzo di questi tracciatori non richiede il consenso dell&#8217;utente ai sensi dell&#8217;articolo 32 II della legge n. 78-17 del 6 gennaio 1978.<\/p>\n<p>Tuttavia, \u00e8 possibile disattivarli in qualsiasi momento.<\/p>\n<h2>Cookie che richiedono il vostro consenso preventivo<\/h2>\n<p>I cookie analitici, della terza parte Google, sono utilizzati per raccogliere statistiche anonime sui visitatori che, se aggregate, potrebbero risultare invasive della privacy degli utenti del sito.<\/p>\n<p>Di conseguenza, l&#8217;uso dei tracker di Google Analytics \u00e8 disabilitato per impostazione predefinita su questo sito web. Potete autorizzarli per consentire al gestore del sito di migliorare la qualit\u00e0 della navigazione e delle informazioni fornite su questo sito.<\/p>\n<p>Infine, \u00e8 possibile ritirare il proprio consenso in qualsiasi momento<\/p>\n<h2>Ulteriori informazioni<\/h2>\n<h2>Come proteggiamo i vostri dati<\/h2>\n<p>Ci impegniamo a mettere in atto tutte le misure tecniche e organizzative appropriate per garantire un livello di sicurezza adeguato ai rischi di accesso, divulgazione, alterazione, perdita o distruzione accidentale, non autorizzata o illegale dei vostri dati personali.<\/p>\n<p>Nel caso in cui venissimo a conoscenza di un accesso illegale ai vostri dati personali memorizzati sui nostri server o su quelli dei nostri fornitori di servizi, o di un accesso non autorizzato che comporti i rischi sopra identificati, provvederemo a:<\/p>\n<p>Informarti dell&#8217;incidente il prima possibile;<br \/>Esaminare le cause dell&#8217;incidente e informarti;<br \/>Adottare le misure necessarie, entro limiti ragionevoli, per ridurre gli effetti negativi e i danni che potrebbero derivare dall&#8217;incidente.<\/p>\n<h2>Limitazione di responsabilit\u00e0<\/h2>\n<p>In nessun caso gli impegni di cui al punto precedente, relativi alla notifica in caso di violazione della sicurezza, potranno essere considerati come un&#8217;ammissione di colpa o di responsabilit\u00e0 per il verificarsi dell&#8217;incidente in questione.<\/p>\n<h2>Revoca del consenso per i vostri dati personali<\/h2>\n<p>L&#8217;utente ha il diritto di accedere, modificare e\/o cancellare i propri dati personali in qualsiasi momento contattando l&#8217;editore del sito.<\/p>\n<p>Il responsabile del trattamento del file ha un massimo di 2 mesi dalla data della richiesta per rispondere. La CNIL precisa: &#8220;Se la richiesta \u00e8 incompleta (ad esempio, assenza di un documento d&#8217;identit\u00e0), il responsabile del fascicolo ha il diritto di chiedere informazioni aggiuntive: il termine viene quindi sospeso e riprender\u00e0 a decorrere una volta forniti questi elementi&#8221;.<\/p>\n<p>I limiti al diritto di accesso sono specificati sul sito web della CNIL e possono essere consultati cliccando qui.<\/p>\n<h2>Modifiche ai T&amp;C e all&#8217;Informativa sulla privacy<\/h2>\n<p>Ci impegniamo a informare l&#8217;utente in caso di modifiche sostanziali ai presenti T&amp;C e a non ridurre sostanzialmente il livello di riservatezza dei suoi dati senza informarlo e ottenere il suo consenso.<\/p>\n<p>[\/et_pb_text][\/et_pb_column][\/et_pb_row][\/et_pb_section]<\/p>\n","protected":false},"excerpt":{"rendered":"<p>INFORMATIVA SULLA PRIVACY Definizioni Editore: la persona, fisica o giuridica, che pubblica i servizi di comunicazione pubblica online. Il Sito: tutti i siti web, le pagine web e i servizi online offerti dall&#8217;Editore. L&#8217;Utente: la persona che utilizza il Sito e i servizi. Natura dei dati raccolti Nel corso dell&#8217;utilizzo dei Siti, l&#8217;Editore pu\u00f2 raccogliere le seguenti categorie di dati sui propri Utenti: Dati di stato civile, dati di identit\u00e0, dati di identificazione&#8230; Dati relativi alla vita personale (stile di vita, situazione familiare, esclusi i dati sensibili o pericolosi) Dati relativi alla vita professionale (curriculum vitae, istruzione, formazione professionale, riconoscimenti, ecc.) Informazioni economiche e finanziarie (reddito, situazione finanziaria, situazione fiscale, ecc.) Dati di connessione (indirizzi IP, registri eventi, ecc.) Dati di localizzazione (movimenti, dati GPS, GSM&#8230;) Conservazione dei dati tecnici e personali Durata della conservazione dei dati tecnici I dati tecnici sono conservati per il tempo strettamente necessario al raggiungimento delle finalit\u00e0 sopra indicate. Cancellazione dei dati dopo l&#8217;eliminazione dell&#8217;account I mezzi di cancellazione dei dati sono messi in atto per provvedere all&#8217;effettiva cancellazione dei dati una volta raggiunto il periodo di conservazione o archiviazione necessario per l&#8217;adempimento delle finalit\u00e0 determinate o imposte. In conformit\u00e0 alla legge francese n\u00b078-17 del [&hellip;]<\/p>\n","protected":false},"author":2,"featured_media":0,"parent":0,"menu_order":0,"comment_status":"closed","ping_status":"closed","template":"","meta":{"_seopress_robots_primary_cat":"","_seopress_titles_title":"","_seopress_titles_desc":"","_seopress_robots_index":"s\u00ec","_et_pb_use_builder":"on","_et_pb_old_content":"","_et_gb_content_width":"","footnotes":""},"class_list":["post-2492","page","type-page","status-publish","hentry"],"_links":{"self":[{"href":"https:\/\/campingriquewihr.com\/it\/wp-json\/wp\/v2\/pages\/2492","targetHints":{"allow":["GET"]}}],"collection":[{"href":"https:\/\/campingriquewihr.com\/it\/wp-json\/wp\/v2\/pages"}],"about":[{"href":"https:\/\/campingriquewihr.com\/it\/wp-json\/wp\/v2\/types\/page"}],"author":[{"embeddable":true,"href":"https:\/\/campingriquewihr.com\/it\/wp-json\/wp\/v2\/users\/2"}],"replies":[{"embeddable":true,"href":"https:\/\/campingriquewihr.com\/it\/wp-json\/wp\/v2\/comments?post=2492"}],"version-history":[{"count":20,"href":"https:\/\/campingriquewihr.com\/it\/wp-json\/wp\/v2\/pages\/2492\/revisions"}],"predecessor-version":[{"id":7934,"href":"https:\/\/campingriquewihr.com\/it\/wp-json\/wp\/v2\/pages\/2492\/revisions\/7934"}],"wp:attachment":[{"href":"https:\/\/campingriquewihr.com\/it\/wp-json\/wp\/v2\/media?parent=2492"}],"curies":[{"name":"wp","href":"https:\/\/api.w.org\/{rel}","templated":true}]}}